{"id":56633,"date":"2024-04-20T18:22:41","date_gmt":"2024-04-20T18:22:41","guid":{"rendered":"https:\/\/supporthost.com\/it\/?page_id=56633"},"modified":"2025-09-10T02:16:08","modified_gmt":"2025-09-10T00:16:08","slug":"listino","status":"publish","type":"page","link":"https:\/\/supporthost.com\/it\/listino\/","title":{"rendered":"Listino prezzi"},"content":{"rendered":"\n<p>Tutti i nostri prezzi sono elencati nelle pagine dei prodotti.<\/p>\n\n\n\n<p>Diamo alcuni servizi a pagamento ai nostri clienti, i prezzi sono indicati qui.<\/p>\n\n\n\n<p class=\"has-small-font-size\">Per questo tipo di operazioni procederemo entro 48 ore. Se c&#8217;\u00e8 il bisogno di farlo in un orario specifico, la pianificazione dell&#8217;operazione ha un costo di 50<span class=\"currency-data\">\u20ac<\/span>. Se l&#8217;intervento viene richiesto per il weekend (sabato e domenica), in giorni festivi o fuori dall&#8217;orario di ufficio (09-18) addebiteremo anche un costo di 100<span class=\"currency-data\">\u20ac<\/span> l&#8217;ora, minimo 1 ora.<\/p>\n\n\n\n<h2 class=\"wp-block-heading\">Domini<\/h2>\n\n\n\n<figure class=\"wp-block-table price-list\"><table data-mtr-unique-id=\"9620ebd4f3f8bb1c8901bc49dcb6044f-1\" class=\"mtr-table mtr-thead-th\"><thead><tr><th data-mtr-content=\"Servizio\" class=\"mtr-th-tag\"><div class=\"mtr-cell-content\">Servizio<\/div><\/th><th data-mtr-content=\"Prezzo\" class=\"mtr-th-tag\"><div class=\"mtr-cell-content\">Prezzo<\/div><\/th><\/tr><\/thead><tbody><tr><td data-mtr-content=\"Servizio\" class=\"mtr-td-tag\"><div class=\"mtr-cell-content\">Modifica del nome dominio principale del piano (perderai il diritto al dominio gratuito)<\/div><\/td><td data-mtr-content=\"Prezzo\" class=\"mtr-td-tag\"><div class=\"mtr-cell-content\">15<span class=\"currency-data\">\u20ac<\/span><\/div><\/td><\/tr><tr><td data-mtr-content=\"Servizio\" class=\"mtr-td-tag\"><div class=\"mtr-cell-content\">Cambio intestatario del dominio, cambio dati del dominio<\/div><\/td><td data-mtr-content=\"Prezzo\" class=\"mtr-td-tag\"><div class=\"mtr-cell-content\">15<span class=\"currency-data\">\u20ac<\/span><\/div><\/td><\/tr><tr><td data-mtr-content=\"Servizio\" class=\"mtr-td-tag\"><div class=\"mtr-cell-content\">Modifiche ai DNS o nameservers di un dominio, push di un dominio (o altre modifiche manuali)<\/div><\/td><td data-mtr-content=\"Prezzo\" class=\"mtr-td-tag\"><div class=\"mtr-cell-content\">15<span class=\"currency-data\">\u20ac<\/span><\/div><\/td><\/tr><tr><td data-mtr-content=\"Servizio\" class=\"mtr-td-tag\"><div class=\"mtr-cell-content\">Attivazione DNSSEC dominio<\/div><\/td><td data-mtr-content=\"Prezzo\" class=\"mtr-td-tag\"><div class=\"mtr-cell-content\">25<span class=\"currency-data\">\u20ac<\/span><\/div><\/td><\/tr><\/tbody><\/table><\/figure>\n\n\n\n<h2 class=\"wp-block-heading\">Trasferimento<\/h2>\n\n\n\n<figure class=\"wp-block-table price-list\"><table data-mtr-unique-id=\"9620ebd4f3f8bb1c8901bc49dcb6044f-2\" class=\"mtr-table mtr-thead-th\"><thead><tr><th data-mtr-content=\"Servizio\" class=\"mtr-th-tag\"><div class=\"mtr-cell-content\">Servizio<\/div><\/th><th data-mtr-content=\"Prezzo\" class=\"mtr-th-tag\"><div class=\"mtr-cell-content\">Prezzo<\/div><\/th><\/tr><\/thead><tbody><tr><td data-mtr-content=\"Servizio\" class=\"mtr-td-tag\"><div class=\"mtr-cell-content\">Trasferimento di un sito web \u2013 Il trasferimento \u00e8 gratuito per tutti i piani con pagamento annuale o periodo superiore, se effettuato nei primi 7 giorni dalla data di acquisto (Il trasferimento manuale comprende il trasferimento di un solo database, e di un solo sito web per trasferimento)<\/div><\/td><td data-mtr-content=\"Prezzo\" class=\"mtr-td-tag\"><div class=\"mtr-cell-content\">50<span class=\"currency-data\">\u20ac<\/span><\/div><\/td><\/tr><tr><td data-mtr-content=\"Servizio\" class=\"mtr-td-tag\"><div class=\"mtr-cell-content\">Addon domain splitting<\/div><\/td><td data-mtr-content=\"Prezzo\" class=\"mtr-td-tag\"><div class=\"mtr-cell-content\">50<span class=\"currency-data\">\u20ac<\/span><\/div><\/td><\/tr><tr><td data-mtr-content=\"Servizio\" class=\"mtr-td-tag\"><div class=\"mtr-cell-content\">Accorpamento di diversi account in uno solo come domini aggiuntivi (comprende un database, non comprende il trasferimento delle email. Per account che viene unito, l\u2019account originale non viene conteggiato)<\/div><\/td><td data-mtr-content=\"Prezzo\" class=\"mtr-td-tag\"><div class=\"mtr-cell-content\">50<span class=\"currency-data\">\u20ac<\/span><\/div><\/td><\/tr><tr><td data-mtr-content=\"Servizio\" class=\"mtr-td-tag\"><div class=\"mtr-cell-content\">Cambio dominio su WordPress<\/div><\/td><td data-mtr-content=\"Prezzo\" class=\"mtr-td-tag\"><div class=\"mtr-cell-content\">50<span class=\"currency-data\">\u20ac<\/span><\/div><\/td><\/tr><tr><td data-mtr-content=\"Servizio\" class=\"mtr-td-tag\"><div class=\"mtr-cell-content\">Cambio dominio su altro CMS<\/div><\/td><td data-mtr-content=\"Prezzo\" class=\"mtr-td-tag\"><div class=\"mtr-cell-content\">50<span class=\"currency-data\">\u20ac<\/span><\/div><\/td><\/tr><tr><td data-mtr-content=\"Servizio\" class=\"mtr-td-tag\"><div class=\"mtr-cell-content\">Trasferimento manuale email (fino a 5 account email, solo con accesso IMAP standard)<\/div><\/td><td data-mtr-content=\"Prezzo\" class=\"mtr-td-tag\"><div class=\"mtr-cell-content\">15<span class=\"currency-data\">\u20ac<\/span><\/div><\/td><\/tr><tr><td data-mtr-content=\"Servizio\" class=\"mtr-td-tag\"><div class=\"mtr-cell-content\">Trasferimento manuale email (fino a 10 account email, solo con accesso IMAP standard)<\/div><\/td><td data-mtr-content=\"Prezzo\" class=\"mtr-td-tag\"><div class=\"mtr-cell-content\">25<span class=\"currency-data\">\u20ac<\/span><\/div><\/td><\/tr><tr><td data-mtr-content=\"Servizio\" class=\"mtr-td-tag\"><div class=\"mtr-cell-content\">Trasferimento manuale email (fino a 25 account email, solo con accesso IMAP standard)<\/div><\/td><td data-mtr-content=\"Prezzo\" class=\"mtr-td-tag\"><div class=\"mtr-cell-content\">45<span class=\"currency-data\">\u20ac<\/span><\/div><\/td><\/tr><tr><td data-mtr-content=\"Servizio\" class=\"mtr-td-tag\"><div class=\"mtr-cell-content\">Trasferimento manuale email (fino a 50 account email, solo con accesso IMAP standard)<\/div><\/td><td data-mtr-content=\"Prezzo\" class=\"mtr-td-tag\"><div class=\"mtr-cell-content\">90<span class=\"currency-data\">\u20ac<\/span><\/div><\/td><\/tr><tr><td data-mtr-content=\"Servizio\" class=\"mtr-td-tag\"><div class=\"mtr-cell-content\">Trasferimento manuale email (fino a 100 account email, solo con accesso IMAP standard)<\/div><\/td><td data-mtr-content=\"Prezzo\" class=\"mtr-td-tag\"><div class=\"mtr-cell-content\">180<span class=\"currency-data\">\u20ac<\/span><\/div><\/td><\/tr><tr><td data-mtr-content=\"Servizio\" class=\"mtr-td-tag\"><div class=\"mtr-cell-content\">Trasferimento manuale email (fino a 200 account email, solo con accesso IMAP standard)<\/div><\/td><td data-mtr-content=\"Prezzo\" class=\"mtr-td-tag\"><div class=\"mtr-cell-content\">350<span class=\"currency-data\">\u20ac<\/span><\/div><\/td><\/tr><tr><td data-mtr-content=\"Servizio\" class=\"mtr-td-tag\"><div class=\"mtr-cell-content\">Spostamento su un server diverso (costo per account cPanel)<\/div><\/td><td data-mtr-content=\"Prezzo\" class=\"mtr-td-tag\"><div class=\"mtr-cell-content\">25<span class=\"currency-data\">\u20ac<\/span><\/div><\/td><\/tr><tr><td data-mtr-content=\"Servizio\" class=\"mtr-td-tag\"><div class=\"mtr-cell-content\">Cambio propriet\u00e0 di un servizio all\u2019interno dell\u2019area clienti (fino ad un massimo di 6 servizi per richiesta)<\/div><\/td><td data-mtr-content=\"Prezzo\" class=\"mtr-td-tag\"><div class=\"mtr-cell-content\">10<span class=\"currency-data\">\u20ac<\/span><\/div><\/td><\/tr><\/tbody><\/table><\/figure>\n\n\n\n<h2 class=\"wp-block-heading\">PEC<\/h2>\n\n\n\n<figure class=\"wp-block-table price-list\"><table data-mtr-unique-id=\"9620ebd4f3f8bb1c8901bc49dcb6044f-3\" class=\"mtr-table mtr-thead-th\"><thead><tr><th data-mtr-content=\"Servizio\" class=\"mtr-th-tag\"><div class=\"mtr-cell-content\">Servizio<\/div><\/th><th data-mtr-content=\"Prezzo\" class=\"mtr-th-tag\"><div class=\"mtr-cell-content\">Prezzo<\/div><\/th><\/tr><\/thead><tbody><tr><td data-mtr-content=\"Servizio\" class=\"mtr-td-tag\"><div class=\"mtr-cell-content\">Migrazione PEC fino a 1 GB (1 indirizzo)<\/div><\/td><td data-mtr-content=\"Prezzo\" class=\"mtr-td-tag\"><div class=\"mtr-cell-content\">100<span class=\"currency-data\">\u20ac<\/span><\/div><\/td><\/tr><tr><td data-mtr-content=\"Servizio\" class=\"mtr-td-tag\"><div class=\"mtr-cell-content\">Migrazione PEC da 2 a 5 GB (1 indirizzo)<\/div><\/td><td data-mtr-content=\"Prezzo\" class=\"mtr-td-tag\"><div class=\"mtr-cell-content\">200<span class=\"currency-data\">\u20ac<\/span><\/div><\/td><\/tr><tr><td data-mtr-content=\"Servizio\" class=\"mtr-td-tag\"><div class=\"mtr-cell-content\">Recupero PEC scaduta<\/div><\/td><td data-mtr-content=\"Prezzo\" class=\"mtr-td-tag\"><div class=\"mtr-cell-content\">30<span class=\"currency-data\">\u20ac<\/span><\/div><\/td><\/tr><tr><td data-mtr-content=\"Servizio\" class=\"mtr-td-tag\"><div class=\"mtr-cell-content\">Cambio intestatario PEC<\/div><\/td><td data-mtr-content=\"Prezzo\" class=\"mtr-td-tag\"><div class=\"mtr-cell-content\">30<span class=\"currency-data\">\u20ac<\/span><\/div><\/td><\/tr><\/tbody><\/table><\/figure>\n\n\n\n<h2 class=\"wp-block-heading\">Backup e recupero<\/h2>\n\n\n\n<figure class=\"wp-block-table price-list\"><table data-mtr-unique-id=\"9620ebd4f3f8bb1c8901bc49dcb6044f-4\" class=\"mtr-table mtr-thead-th\"><thead><tr><th data-mtr-content=\"Servizio\" class=\"mtr-th-tag\"><div class=\"mtr-cell-content\">Servizio<\/div><\/th><th data-mtr-content=\"Prezzo\" class=\"mtr-th-tag\"><div class=\"mtr-cell-content\">Prezzo<\/div><\/th><\/tr><\/thead><tbody><tr><td data-mtr-content=\"Servizio\" class=\"mtr-td-tag\"><div class=\"mtr-cell-content\">Ripristino di un backup su hosting condiviso, reseller o semidedicato (il cliente pu\u00f2 fare in autonomia dal nostro pannello hosting gratis)<\/div><\/td><td data-mtr-content=\"Prezzo\" class=\"mtr-td-tag\"><div class=\"mtr-cell-content\">30<span class=\"currency-data\">\u20ac<\/span><\/div><\/td><\/tr><tr><td data-mtr-content=\"Servizio\" class=\"mtr-td-tag\"><div class=\"mtr-cell-content\">Ripristino di un backup su servizio dedicato (se il cliente ha la disaster recovery pu\u00f2 fare in autonomia dal nostro pannello hosting gratis)<\/div><\/td><td data-mtr-content=\"Prezzo\" class=\"mtr-td-tag\"><div class=\"mtr-cell-content\">100<span class=\"currency-data\">\u20ac<\/span><\/div><\/td><\/tr><tr><td data-mtr-content=\"Servizio\" class=\"mtr-td-tag\"><div class=\"mtr-cell-content\">Recupero piano hosting (se il tuo account \u00e8 stato terminato, in alcuni casi \u00e8 possibile recuperarlo da un backup automatico). Nel caso di account reseller il costo \u00e8 per account recuperato.<\/div><\/td><td data-mtr-content=\"Prezzo\" class=\"mtr-td-tag\"><div class=\"mtr-cell-content\">50<span class=\"currency-data\">\u20ac<\/span><\/div><\/td><\/tr><tr><td data-mtr-content=\"Servizio\" class=\"mtr-td-tag\"><div class=\"mtr-cell-content\">Riattivazione servizio dedicato sospeso<\/div><\/td><td data-mtr-content=\"Prezzo\" class=\"mtr-td-tag\"><div class=\"mtr-cell-content\">30<span class=\"currency-data\">\u20ac<\/span><\/div><\/td><\/tr><\/tbody><\/table><\/figure>\n\n\n\n<h2 class=\"wp-block-heading\">Interventi manuali<\/h2>\n\n\n\n<figure class=\"wp-block-table price-list\"><table data-mtr-unique-id=\"9620ebd4f3f8bb1c8901bc49dcb6044f-5\" class=\"mtr-table mtr-thead-th\"><thead><tr><th data-mtr-content=\"Servizio\" class=\"mtr-th-tag\"><div class=\"mtr-cell-content\">Servizio<\/div><\/th><th data-mtr-content=\"Prezzo\" class=\"mtr-th-tag\"><div class=\"mtr-cell-content\">Prezzo<\/div><\/th><\/tr><\/thead><tbody><tr><td data-mtr-content=\"Servizio\" class=\"mtr-td-tag\"><div class=\"mtr-cell-content\">Risoluzione di problemi non legati al funzionamento del server, ovvero problemi legati a software di terze parti. Sar\u00e0 prima inviato un preventivo e richiesto il consenso per emettere fattura<\/div><\/td><td data-mtr-content=\"Prezzo\" class=\"mtr-td-tag\"><div class=\"mtr-cell-content\">120<span class=\"currency-data\">\u20ac<\/span><\/div><\/td><\/tr><tr><td data-mtr-content=\"Servizio\" class=\"mtr-td-tag\"><div class=\"mtr-cell-content\">Intervento sistemistico<\/div><\/td><td data-mtr-content=\"Prezzo\" class=\"mtr-td-tag\"><div class=\"mtr-cell-content\">120<span class=\"currency-data\">\u20ac<\/span><\/div><\/td><\/tr><tr><td data-mtr-content=\"Servizio\" class=\"mtr-td-tag\"><div class=\"mtr-cell-content\">Delist IP da blacklist (solo nel caso di IP dedicati e servizi dedicati) dopo il primo nell\u2019arco dei 12 mesi (il primo \u00e8 incluso). Non include eventuali tariffe per il delist richieste da alcune blacklist.<\/div><\/td><td data-mtr-content=\"Prezzo\" class=\"mtr-td-tag\"><div class=\"mtr-cell-content\">200<span class=\"currency-data\">\u20ac<\/span><\/div><\/td><\/tr><\/tbody><\/table><\/figure>\n","protected":false},"excerpt":{"rendered":"<p>Tutti i nostri prezzi sono elencati nelle pagine dei prodotti. Diamo alcuni servizi a pagamento ai nostri clienti, i prezzi sono indicati qui. Per questo tipo di operazioni procederemo entro 48 ore. Se c&#8217;\u00e8 il bisogno di farlo in un orario specifico, la pianificazione dell&#8217;operazione ha un costo di . Se l&#8217;intervento viene richiesto per [&hellip;]<\/p>\n","protected":false},"author":1,"featured_media":63418,"parent":0,"menu_order":0,"comment_status":"closed","ping_status":"closed","template":"page-with-sidebar","meta":{"_acf_changed":false,"inline_featured_image":false,"footnotes":""},"class_list":["post-56633","page","type-page","status-publish","has-post-thumbnail","hentry"],"acf":[],"_links":{"self":[{"href":"https:\/\/supporthost.com\/it\/wp-json\/wp\/v2\/pages\/56633","targetHints":{"allow":["GET"]}}],"collection":[{"href":"https:\/\/supporthost.com\/it\/wp-json\/wp\/v2\/pages"}],"about":[{"href":"https:\/\/supporthost.com\/it\/wp-json\/wp\/v2\/types\/page"}],"author":[{"embeddable":true,"href":"https:\/\/supporthost.com\/it\/wp-json\/wp\/v2\/users\/1"}],"replies":[{"embeddable":true,"href":"https:\/\/supporthost.com\/it\/wp-json\/wp\/v2\/comments?post=56633"}],"version-history":[{"count":23,"href":"https:\/\/supporthost.com\/it\/wp-json\/wp\/v2\/pages\/56633\/revisions"}],"predecessor-version":[{"id":131450,"href":"https:\/\/supporthost.com\/it\/wp-json\/wp\/v2\/pages\/56633\/revisions\/131450"}],"wp:featuredmedia":[{"embeddable":true,"href":"https:\/\/supporthost.com\/it\/wp-json\/wp\/v2\/media\/63418"}],"wp:attachment":[{"href":"https:\/\/supporthost.com\/it\/wp-json\/wp\/v2\/media?parent=56633"}],"curies":[{"name":"wp","href":"https:\/\/api.w.org\/{rel}","templated":true}]}}