{"id":55916,"date":"2024-04-08T18:51:03","date_gmt":"2024-04-08T18:51:03","guid":{"rendered":"https:\/\/supporthost.com\/it\/?page_id=55916"},"modified":"2024-05-16T09:25:05","modified_gmt":"2024-05-16T09:25:05","slug":"sistemista-linux-l2","status":"publish","type":"page","link":"https:\/\/supporthost.com\/it\/lavora-con-noi\/sistemista-linux-l2\/","title":{"rendered":"Sistemista Linux L2"},"content":{"rendered":"\n<p>Siamo una rinomata azienda nel campo del web hosting, impegnata a fornire soluzioni affidabili e innovative per soddisfare le esigenze dei nostri clienti. La nostra missione \u00e8 garantire prestazioni ottimali, sicurezza avanzata e supporto tecnico di prima classe.<\/p>\n\n\n\n<h3 class=\"wp-block-heading\"><strong>Posizione: Sistemista Linux L2<\/strong><\/h3>\n\n\n\n<h2 class=\"wp-block-heading\"><strong>Ruolo<\/strong><\/h2>\n\n\n\n<p>Siamo alla ricerca di un sistemista Linux responsabile del mantenimento, dell&#8217;aggiornamento e della gestione dei nostri sistemi, e del supporto tramite ticket. \u00c8 fondamentale possedere competenze in problem solving, intraprendenza e la capacit\u00e0 di comunicare efficacemente con il team interno che supporta le attivit\u00e0 aziendali. Il professionista in questa posizione \u00e8 dedicato a garantire che l&#8217;infrastruttura operi sempre al massimo delle sue capacit\u00e0, mantenendo alti standard di efficienza.<\/p>\n\n\n\n<p><strong>Richiediamo la partita IVA.<\/strong><\/p>\n\n\n\n<h2 class=\"wp-block-heading\"><strong>Responsabilit\u00e0<\/strong><\/h2>\n\n\n\n<ul>\n<li>Installare e configurare nuovi server<\/li>\n\n\n\n<li>Monitorare performance, uptime e funzionalit\u00e0, e mantenere alto lo standard e la funzionalit\u00e0 dei sistemi operativi<\/li>\n\n\n\n<li>Garantire la sicurezza tramite controllo accessi, backup e firewall<\/li>\n\n\n\n<li>Aggiornare e migliorare i sistemi con proposte e nuovi modelli<\/li>\n\n\n\n<li>Garantire assistenza ai nostri clienti. Risoluzione di problemi di sistema e supporto tecnico di primo e secondo livello<\/li>\n\n\n\n<li>Gestione delle operazioni giornaliere dell&#8217;attivit\u00e0 di webhosting<\/li>\n\n\n\n<li>Gestione trasferimenti siti ed email<\/li>\n\n\n\n<li>Collaborazione con il team per migliorare l&#8217;efficienza e l&#8217;affidabilit\u00e0 dei servizi<\/li>\n<\/ul>\n\n\n\n<h2 class=\"wp-block-heading\"><strong>Requisiti<\/strong><\/h2>\n\n\n\n<ul>\n<li>Disponibilit\u00e0 di 20 ore settimanali, in base al candidato possiamo decidere un accordo di tipo diverso<\/li>\n\n\n\n<li>Essere di madrelingua Italiana<\/li>\n\n\n\n<li>Garbo e educazione. Teniamo ai nostri clienti e alla qualit\u00e0 del servizio di supporto!<\/li>\n\n\n\n<li>Comprovata esperienza lavorativa come sistemista nel settore del web hosting<\/li>\n\n\n\n<li>Buona conoscenza della lingua inglese<\/li>\n\n\n\n<li>Familiarit\u00e0 con vari sistemi operativi e piattaforme<\/li>\n\n\n\n<li>Conoscenza approfondita dei sistemi operativi Linux (in special modo distribuzioni CentOS\/RHEL\/Almalinux)<\/li>\n\n\n\n<li>Conoscenza di cPanel\/WHM, plesk, email e gestione domini come amministratore di sistema<\/li>\n\n\n\n<li>Gestione dei servizi pi\u00f9 utilizzati (come web server con linguaggi dedicati, DNS, database, servizi mail)<\/li>\n\n\n\n<li>Troubleshooting e Gestione reti TCP\/IP<\/li>\n\n\n\n<li>Esperienza comprovata su linea di comando<\/li>\n\n\n\n<li>Capacit\u00e0 di comunicazione e predisposizione al lavoro in team<\/li>\n\n\n\n<li>Capacit\u00e0 di risolvere problemi complessi in modo tempestivo<\/li>\n\n\n\n<li>Buone conoscenze dei servizi DNS e dei nomi a dominio<\/li>\n\n\n\n<li>Risposte al 90% dei ticket negli orari prestabiliti entro la prima ora<\/li>\n\n\n\n<li>Mantenimento della qualit\u00e0 delle risposte ai clienti, il 90% delle risposte che ricevono un feedback devono ottenere almeno 4 stelle<\/li>\n<\/ul>\n\n\n\n<h2 class=\"wp-block-heading\"><strong>Requisiti preferenziali<\/strong><\/h2>\n\n\n\n<ul>\n<li>Esperienza in programmazione PHP o nello sviluppo software<\/li>\n\n\n\n<li>Esperienza di gestione hypervisor e conoscenza di piattaforme di virtualizzazione<\/li>\n\n\n\n<li>Gestione server Windows<\/li>\n\n\n\n<li>Laurea o diploma di laurea in Informatica o settori affini<\/li>\n\n\n\n<li>Buone capacit\u00e0 di sviluppo script in BASH<\/li>\n\n\n\n<li>Avere una mentalit\u00e0 propositiva pratica e risolutiva<\/li>\n\n\n\n<li>Conoscenza di cyberpanel<\/li>\n\n\n\n<li>Certificazioni cPanel<\/li>\n\n\n\n<li>Certificazioni Linux<\/li>\n\n\n\n<li>Conoscenza whmcs<\/li>\n<\/ul>\n\n\n\n<h2 class=\"wp-block-heading\"><strong>Benefici<\/strong><\/h2>\n\n\n\n<ul>\n<li>Completamente in remoto, flessibilit\u00e0 oraria<\/li>\n\n\n\n<li>Ambiente di lavoro dinamico e collaborativo<\/li>\n\n\n\n<li>Opportunit\u00e0 di formazione continua e sviluppo professionale<\/li>\n\n\n\n<li>Possibilit\u00e0 di lavorare su progetti stimolanti e innovativi<\/li>\n\n\n\n<li>Possibilit\u00e0 di avanzamento: fatti valere, siamo meritocratici!<\/li>\n\n\n\n<li>Compenso in base alle capacit\u00e0, da valutare insieme al candidato<\/li>\n<\/ul>\n\n\n\n<h2 class=\"wp-block-heading\">Candidati<\/h2>\n\n\n\n<p>Compila il modulo qui sotto per essere ricontattato al pi\u00f9 presto<\/p>\n\n\n\n\n<div class=\"wpcf7 no-js\" id=\"wpcf7-f55940-o1\" lang=\"it-IT\" dir=\"ltr\" data-wpcf7-id=\"55940\">\n<div class=\"screen-reader-response\"><p role=\"status\" aria-live=\"polite\" aria-atomic=\"true\"><\/p> <ul><\/ul><\/div>\n<form action=\"\/it\/wp-json\/wp\/v2\/pages\/55916#wpcf7-f55940-o1\" method=\"post\" class=\"wpcf7-form init\" aria-label=\"Modulo di contatto\" enctype=\"multipart\/form-data\" novalidate=\"novalidate\" data-status=\"init\">\n<fieldset class=\"hidden-fields-container\"><input type=\"hidden\" name=\"_wpcf7\" value=\"55940\" \/><input type=\"hidden\" name=\"_wpcf7_version\" value=\"6.1.5\" \/><input type=\"hidden\" name=\"_wpcf7_locale\" value=\"it_IT\" \/><input type=\"hidden\" name=\"_wpcf7_unit_tag\" value=\"wpcf7-f55940-o1\" \/><input type=\"hidden\" name=\"_wpcf7_container_post\" value=\"0\" \/><input type=\"hidden\" name=\"_wpcf7_posted_data_hash\" value=\"\" \/><input type=\"hidden\" name=\"_wpcf7cf_hidden_group_fields\" value=\"[]\" \/><input type=\"hidden\" name=\"_wpcf7cf_hidden_groups\" value=\"[]\" \/><input type=\"hidden\" name=\"_wpcf7cf_visible_groups\" value=\"[]\" \/><input type=\"hidden\" name=\"_wpcf7cf_repeaters\" value=\"[]\" \/><input type=\"hidden\" name=\"_wpcf7cf_steps\" value=\"{}\" \/><input type=\"hidden\" name=\"_wpcf7cf_options\" value=\"{&quot;form_id&quot;:55940,&quot;conditions&quot;:[],&quot;settings&quot;:{&quot;animation&quot;:&quot;yes&quot;,&quot;animation_intime&quot;:&quot;200&quot;,&quot;animation_outtime&quot;:&quot;200&quot;,&quot;conditions_ui&quot;:&quot;normal&quot;,&quot;notice_dismissed&quot;:true,&quot;regex_numeric&quot;:&quot;^[0-9]+$&quot;,&quot;regex_alphabetic&quot;:&quot;^[a-zA-Z]+$&quot;,&quot;regex_alphanumeric&quot;:&quot;^[a-zA-Z0-9]+$&quot;,&quot;regex_date&quot;:&quot;^(0?[1-9]|1[012])[- .](0?[1-9]|[12][0-9]|3[01])[- \\\/.](19|20)?[0-9]{2}$&quot;,&quot;regex_email&quot;:&quot;^[a-zA-Z0-9._%-]+@[a-zA-Z0-9.-]+.[a-zA-Z]{2,4}$&quot;,&quot;regex_numeric_label&quot;:&quot;numeric&quot;,&quot;regex_alphabetic_label&quot;:&quot;alphabetic&quot;,&quot;regex_alphanumeric_label&quot;:&quot;alphanumeric&quot;,&quot;regex_date_label&quot;:&quot;date&quot;,&quot;regex_email_label&quot;:&quot;email&quot;,&quot;regex_custom_1&quot;:&quot;&quot;,&quot;regex_custom_2&quot;:&quot;&quot;,&quot;regex_custom_3&quot;:&quot;&quot;,&quot;regex_custom_4&quot;:&quot;&quot;,&quot;regex_custom_5&quot;:&quot;&quot;,&quot;regex_custom_1_label&quot;:&quot;custom 1&quot;,&quot;regex_custom_2_label&quot;:&quot;custom 2&quot;,&quot;regex_custom_3_label&quot;:&quot;custom 3&quot;,&quot;regex_custom_4_label&quot;:&quot;custom 4&quot;,&quot;regex_custom_5_label&quot;:&quot;custom 5&quot;,&quot;notice_dismissed_rollback-cf7-5.9.2&quot;:true}}\" \/><input type=\"hidden\" name=\"_wpcf7_recaptcha_response\" value=\"\" \/>\n<\/fieldset>\n<p><label> Il tuo nome e cognome*<br \/>\n<span class=\"wpcf7-form-control-wrap\" data-name=\"fullname\"><input size=\"40\" maxlength=\"400\" class=\"wpcf7-form-control wpcf7-text wpcf7-validates-as-required\" aria-required=\"true\" aria-invalid=\"false\" value=\"\" type=\"text\" name=\"fullname\" \/><\/span> <\/label>\n<\/p>\n<p><label> La tua email*<br \/>\n<span class=\"wpcf7-form-control-wrap\" data-name=\"email\"><input size=\"40\" maxlength=\"400\" class=\"wpcf7-form-control wpcf7-email wpcf7-validates-as-required wpcf7-text wpcf7-validates-as-email\" autocomplete=\"email\" aria-required=\"true\" aria-invalid=\"false\" value=\"\" type=\"email\" name=\"email\" \/><\/span> <\/label>\n<\/p>\n<p><label> Telefono*<br \/>\n<span class=\"wpcf7-form-control-wrap\" data-name=\"phone\"><input size=\"40\" maxlength=\"400\" class=\"wpcf7-form-control wpcf7-tel wpcf7-validates-as-required wpcf7-text wpcf7-validates-as-tel\" aria-required=\"true\" aria-invalid=\"false\" value=\"\" type=\"tel\" name=\"phone\" \/><\/span> <\/label>\n<\/p>\n<p><label> Curriculum Vitae* (PDF)<br \/>\n<span class=\"wpcf7-form-control-wrap\" data-name=\"curriculum\"><input size=\"40\" class=\"wpcf7-form-control wpcf7-file wpcf7-validates-as-required\" accept=\".pdf\" aria-required=\"true\" aria-invalid=\"false\" type=\"file\" name=\"curriculum\" \/><\/span> <\/label>\n<\/p>\n<p><label> Url LinkedIn<br \/>\n<span class=\"wpcf7-form-control-wrap\" data-name=\"linkedin\"><input size=\"40\" maxlength=\"400\" class=\"wpcf7-form-control wpcf7-url wpcf7-text wpcf7-validates-as-url\" aria-invalid=\"false\" value=\"\" type=\"url\" name=\"linkedin\" \/><\/span> <\/label>\n<\/p>\n<p><label> Sito web<br \/>\n<span class=\"wpcf7-form-control-wrap\" data-name=\"website\"><input size=\"40\" maxlength=\"400\" class=\"wpcf7-form-control wpcf7-url wpcf7-text wpcf7-validates-as-url\" aria-invalid=\"false\" value=\"\" type=\"url\" name=\"website\" \/><\/span> <\/label>\n<\/p>\n<p><label> Lettera di presentazione*<br \/>\n<span class=\"wpcf7-form-control-wrap\" data-name=\"letter\"><textarea cols=\"40\" rows=\"10\" maxlength=\"2000\" class=\"wpcf7-form-control wpcf7-textarea wpcf7-validates-as-required\" aria-required=\"true\" aria-invalid=\"false\" name=\"letter\"><\/textarea><\/span> <\/label>\n<\/p>\n<p><span class=\"wpcf7-form-control-wrap\" data-name=\"acceptance-516\"><span class=\"wpcf7-form-control wpcf7-acceptance\"><span class=\"wpcf7-list-item\"><label><input type=\"checkbox\" name=\"acceptance-516\" value=\"1\" aria-invalid=\"false\" \/><span class=\"wpcf7-list-item-label\">Confermo di aver letto la <a href=\"https:\/\/supporthost.com\/it\/privacy-policy\/\">privacy policy<\/a><\/span><\/label><\/span><\/span><\/span>\n<\/p>\n<p><input class=\"wpcf7-form-control wpcf7-submit has-spinner\" type=\"submit\" value=\"Invia\" \/>\n<\/p><p style=\"display: none !important;\" class=\"akismet-fields-container\" data-prefix=\"_wpcf7_ak_\"><label>&#916;<textarea name=\"_wpcf7_ak_hp_textarea\" cols=\"45\" rows=\"8\" maxlength=\"100\"><\/textarea><\/label><input type=\"hidden\" id=\"ak_js_1\" name=\"_wpcf7_ak_js\" value=\"116\"\/><script>document.getElementById( \"ak_js_1\" ).setAttribute( \"value\", ( new Date() ).getTime() );<\/script><\/p><div class=\"wpcf7-response-output\" aria-hidden=\"true\"><\/div>\n<\/form>\n<\/div>\n\n","protected":false},"excerpt":{"rendered":"<p>Siamo una rinomata azienda nel campo del web hosting, impegnata a fornire soluzioni affidabili e innovative per soddisfare le esigenze dei nostri clienti. La nostra missione \u00e8 garantire prestazioni ottimali, sicurezza avanzata e supporto tecnico di prima classe. Posizione: Sistemista Linux L2 Ruolo Siamo alla ricerca di un sistemista Linux responsabile del mantenimento, dell&#8217;aggiornamento e [&hellip;]<\/p>\n","protected":false},"author":1,"featured_media":63417,"parent":55913,"menu_order":0,"comment_status":"closed","ping_status":"closed","template":"page-with-sidebar","meta":{"_acf_changed":false,"inline_featured_image":false,"footnotes":""},"class_list":["post-55916","page","type-page","status-publish","has-post-thumbnail","hentry"],"acf":[],"_links":{"self":[{"href":"https:\/\/supporthost.com\/it\/wp-json\/wp\/v2\/pages\/55916","targetHints":{"allow":["GET"]}}],"collection":[{"href":"https:\/\/supporthost.com\/it\/wp-json\/wp\/v2\/pages"}],"about":[{"href":"https:\/\/supporthost.com\/it\/wp-json\/wp\/v2\/types\/page"}],"author":[{"embeddable":true,"href":"https:\/\/supporthost.com\/it\/wp-json\/wp\/v2\/users\/1"}],"replies":[{"embeddable":true,"href":"https:\/\/supporthost.com\/it\/wp-json\/wp\/v2\/comments?post=55916"}],"version-history":[{"count":3,"href":"https:\/\/supporthost.com\/it\/wp-json\/wp\/v2\/pages\/55916\/revisions"}],"predecessor-version":[{"id":55941,"href":"https:\/\/supporthost.com\/it\/wp-json\/wp\/v2\/pages\/55916\/revisions\/55941"}],"up":[{"embeddable":true,"href":"https:\/\/supporthost.com\/it\/wp-json\/wp\/v2\/pages\/55913"}],"wp:featuredmedia":[{"embeddable":true,"href":"https:\/\/supporthost.com\/it\/wp-json\/wp\/v2\/media\/63417"}],"wp:attachment":[{"href":"https:\/\/supporthost.com\/it\/wp-json\/wp\/v2\/media?parent=55916"}],"curies":[{"name":"wp","href":"https:\/\/api.w.org\/{rel}","templated":true}]}}