{"id":272,"date":"2024-04-08T01:08:43","date_gmt":"2024-04-08T01:08:43","guid":{"rendered":"https:\/\/supporthost.com\/it\/?page_id=272"},"modified":"2026-03-09T19:57:08","modified_gmt":"2026-03-09T18:57:08","slug":"codici-sconto-coupon-e-promozioni","status":"publish","type":"page","link":"https:\/\/supporthost.com\/it\/codici-sconto-coupon-e-promozioni\/","title":{"rendered":"Codici sconto, Coupon e promozioni"},"content":{"rendered":"\n<div class=\"wp-block-group alignfull sh-hero-dark has-background has-global-padding is-content-justification-center is-layout-constrained wp-container-core-group-is-layout-c865da26 wp-block-group-is-layout-constrained\" style=\"background:linear-gradient(160deg, #09090b 0%, #0d2920 40%, #112e24 60%, #09090b 100%);margin-top:0px;margin-bottom:0px;padding-top:var(--wp--preset--spacing--75);padding-right:var(--wp--preset--spacing--15);padding-bottom:var(--wp--preset--spacing--90);padding-left:var(--wp--preset--spacing--15)\">\n<div class=\"wp-block-group is-vertical is-content-justification-center is-layout-flex wp-container-core-group-is-layout-52b864f0 wp-block-group-is-layout-flex\">\n<p class=\"has-text-align-center hero-badge has-border-color has-text-color has-background\" style=\"border-color:#2dc79a26;border-width:1px;border-radius:100px;color:#2dc799;background-color:#2dc79a1a;padding-top:8px;padding-right:18px;padding-bottom:8px;padding-left:18px;font-size:13px;font-style:normal;font-weight:600;letter-spacing:0.5px;text-transform:uppercase\">Promozioni attive<\/p>\n\n\n\n<h1 class=\"wp-block-heading has-text-align-center has-text-color\" id=\"il-team-di\" style=\"color:#ffffff;margin-top:32px;margin-bottom:0px;font-size:clamp(40px, 6vw, 64px);font-weight:700;letter-spacing:-2px;line-height:1\">Codici sconto e<\/h1>\n\n\n\n<p class=\"has-green-color has-text-color has-link-color has-huge-font-size wp-elements-5d7ad96611c6c23f4cb69fe63c6c7153\" style=\"font-style:normal;font-weight:700;line-height:1\">Promozioni<\/p>\n\n\n\n<p class=\"has-text-align-center has-text-color\" style=\"color:#d4d4d8;margin-top:32px;margin-bottom:40px;font-size:18px;line-height:1.7\">Scopri le promozioni attive su SupportHost. Applica il codice sconto per vedere i prezzi scontati nelle pagine!<\/p>\n<\/div>\n<\/div>\n\n\n\n<div class=\"wp-block-group alignfull has-section-bg-background-color has-background has-global-padding is-layout-constrained wp-block-group-is-layout-constrained\" style=\"margin-top:0px;margin-bottom:0px;padding-top:var(--wp--preset--spacing--75);padding-bottom:var(--wp--preset--spacing--75)\">\n<div class=\"wp-block-group alignwide is-vertical is-content-justification-left is-layout-flex wp-container-core-group-is-layout-2c1ebdef wp-block-group-is-layout-flex\" style=\"margin-bottom:48px\">\n<p class=\"has-text-align-left has-green-dark-color has-text-color\" style=\"font-size:13px;font-weight:600;letter-spacing:0.8px;text-transform:uppercase\">L&#8217;hosting che cerchi al miglior prezzo<\/p>\n\n\n\n<h2 class=\"wp-block-heading has-text-align-left has-black-color has-text-color has-link-color has-xx-large-font-size wp-elements-819ecd24f657dac364a44f1f74c1da9b\" id=\"velocita-al-massimo\">Web hosting<\/h2>\n\n\n\n<p class=\"has-text-align-left has-gray-text-color has-text-color has-link-color has-small-font-size wp-elements-7cef10965e23e6683caa5b543706bbd8\">Tutte le promozioni attive relative ai nostri servizi di hosting.<\/p>\n<\/div>\n\n\n\n<div class=\"wp-block-query alignwide is-layout-flow wp-block-query-is-layout-flow\"><ul class=\"columns-2 grid-2 grid-loop wp-block-post-template is-layout-grid wp-container-core-post-template-is-layout-f12a65ed wp-block-post-template-is-layout-grid\"><li class=\"wp-block-post post-277 coupon type-coupon status-publish hentry coupon-cat-web-hosting\">\n\n<div class=\"wp-block-group has-border-color has-white-background-color has-background has-global-padding is-content-justification-center is-layout-constrained wp-container-core-group-is-layout-74e44998 wp-block-group-is-layout-constrained\" style=\"border-color:#2dc799;border-width:2px;border-top-left-radius:20px;border-top-right-radius:20px;border-bottom-left-radius:20px;border-bottom-right-radius:20px;padding-top:48px;padding-right:40px;padding-bottom:48px;padding-left:40px\">\n<div class=\"wp-block-group is-vertical is-content-justification-center is-layout-flex wp-container-core-group-is-layout-ce155fab wp-block-group-is-layout-flex\">\n<p class=\"has-text-align-center has-text-color has-background has-link-color has-extra-small-font-size wp-elements-2e719b6f72b1967d4a1897c95a289e4a\" style=\"border-top-left-radius:100px;border-top-right-radius:100px;border-bottom-left-radius:100px;border-bottom-right-radius:100px;color:#f97316;background-color:#f973161a;padding-top:6px;padding-right:16px;padding-bottom:6px;padding-left:16px;font-style:normal;font-weight:800\">\ud83d\udd25 Promozione attiva<\/p>\n<\/div>\n\n\n<h3 style=\"font-style:normal;font-weight:800; padding-top:var(--wp--preset--spacing--15);padding-bottom:var(--wp--preset--spacing--15);\" class=\"has-text-align-center has-link-color wp-elements-4f07994f49df5d1ed1e7a87169f5a39d wp-block-post-title has-text-color has-black-color has-x-large-font-size\">Sconto su tutti i piani hosting<\/h3>\n\n<div class=\"entry-content has-text-align-center wp-elements-5997fae66134711dc1d1d3a581dce68d wp-block-post-content has-text-color has-gray-text-color has-small-font-size is-layout-flow wp-block-post-content-is-layout-flow\">\n<p class=\"has-text-align-center\"><span class=\"ck\" style=\"display:inline-flex;align-items:center;justify-content:center;width:20px;height:20px;border-radius:6px;background:linear-gradient(135deg, var(--wp--preset--color--green-dark), var(--wp--preset--color--green));color:#fff;font-size:10px;font-weight:800;flex-shrink:0\">\u2713<\/span> Rinnovo al prezzo piano esposto sul sito<br><span class=\"ck\" style=\"display:inline-flex;align-items:center;justify-content:center;width:20px;height:20px;border-radius:6px;background:linear-gradient(135deg, var(--wp--preset--color--green-dark), var(--wp--preset--color--green));color:#fff;font-size:10px;font-weight:800;flex-shrink:0\">\u2713<\/span> Valido per qualsiasi termine di pagamento<br><span class=\"ck\" style=\"display:inline-flex;align-items:center;justify-content:center;width:20px;height:20px;border-radius:6px;background:linear-gradient(135deg, var(--wp--preset--color--green-dark), var(--wp--preset--color--green));color:#fff;font-size:10px;font-weight:800;flex-shrink:0\">\u2713<\/span> 25% al primo acquisto per tutti i piani hosting, sono esclusi i servizi dedicati<\/p>\n<\/div>\n\n\n<div class=\"wp-block-group is-vertical is-content-justification-center is-layout-flex wp-container-core-group-is-layout-aac37b89 wp-block-group-is-layout-flex\" style=\"margin-top:var(--wp--preset--spacing--45);margin-bottom:var(--wp--preset--spacing--45)\">\n<div class=\"wp-block-group has-section-bg-background-color has-background is-content-justification-center is-nowrap is-layout-flex wp-container-core-group-is-layout-a0ea6c7d wp-block-group-is-layout-flex\" style=\"border-top-left-radius:12px;border-top-right-radius:12px;border-bottom-left-radius:12px;border-bottom-right-radius:12px;padding-top:16px;padding-right:24px;padding-bottom:16px;padding-left:24px\">\n<p class=\"has-text-align-center has-green-dark-color has-text-color has-link-color has-mono-font-family has-x-large-font-size wp-elements-086909c27d41ea16f7f5289bb963c808\" style=\"padding-top:0;padding-bottom:0;font-style:normal;font-weight:700\">SH25<\/p>\n\n\n\n<p class=\"has-text-align-center has-text-color has-background has-link-color has-small-font-size wp-elements-435bbe8ef77f3ffc8c785af8b7464860\" style=\"border-top-left-radius:6px;border-top-right-radius:6px;border-bottom-left-radius:6px;border-bottom-right-radius:6px;color:#f97316;background-color:#f973161a;padding-top:6px;padding-right:16px;padding-bottom:6px;padding-left:16px;font-style:normal;font-weight:800\"><strong>25%<\/strong><\/p>\n<\/div>\n<\/div>\n\n\n\n<div class=\"wp-block-buttons is-content-justification-center is-layout-flex wp-container-core-buttons-is-layout-a89b3969 wp-block-buttons-is-layout-flex\">\n<div class=\"wp-block-button is-style-green hover-scale\"><a href='https:\/\/supporthost.com\/it\/codici-sconto-coupon-e-promozioni\/?promocode=SH25' class=\"wp-block-button__link wp-element-button\">Applica lo sconto \u2192<\/a><\/div>\n<\/div>\n<\/div>\n\n<\/li><\/ul>\n\n<\/div>\n<\/div>\n\n\n\n<div class=\"wp-block-group alignwide text-break has-global-padding is-content-justification-left is-layout-constrained wp-container-core-group-is-layout-ebc99864 wp-block-group-is-layout-constrained\" style=\"margin-top:0px;margin-bottom:0px;padding-top:var(--wp--preset--spacing--75);padding-right:var(--wp--preset--spacing--15);padding-bottom:var(--wp--preset--spacing--75);padding-left:var(--wp--preset--spacing--15)\">\n<div class=\"wp-block-group is-vertical is-content-justification-left is-layout-flex wp-container-core-group-is-layout-2c1ebdef wp-block-group-is-layout-flex\" style=\"margin-bottom:48px\">\n<p class=\"has-text-align-left has-green-dark-color has-text-color\" style=\"font-size:13px;font-weight:600;letter-spacing:0.8px;text-transform:uppercase\">Il tuo nuovo nome sul web<\/p>\n\n\n\n<h2 class=\"wp-block-heading has-text-align-left has-black-color has-text-color has-link-color has-xx-large-font-size wp-elements-581e40bb0e01d80c023ec579f49f685e\" id=\"velocita-al-massimo-1\">Domini<\/h2>\n\n\n\n<p class=\"has-text-align-left has-gray-text-color has-text-color has-link-color has-small-font-size wp-elements-a0e09b24bcb2291d3623d8ac5a6fc286\">Tutte le promozioni attive relative ai domini su SupportHost.<\/p>\n<\/div>\n\n\n\n<div class=\"wp-block-query alignwide is-layout-flow wp-block-query-is-layout-flow\"><ul class=\"columns-2 grid-2 grid-loop wp-block-post-template is-layout-grid wp-container-core-post-template-is-layout-f12a65ed wp-block-post-template-is-layout-grid\"><li class=\"wp-block-post post-71146 coupon type-coupon status-publish hentry coupon-cat-domini\">\n\n<div class=\"wp-block-group has-border-color has-global-padding is-content-justification-center is-layout-constrained wp-container-core-group-is-layout-74e44998 wp-block-group-is-layout-constrained\" style=\"border-color:#2dc799;border-width:2px;border-top-left-radius:20px;border-top-right-radius:20px;border-bottom-left-radius:20px;border-bottom-right-radius:20px;padding-top:48px;padding-right:40px;padding-bottom:48px;padding-left:40px\">\n<div class=\"wp-block-group is-vertical is-content-justification-center is-layout-flex wp-container-core-group-is-layout-ce155fab wp-block-group-is-layout-flex\">\n<p class=\"has-text-align-center has-text-color has-background has-link-color has-extra-small-font-size wp-elements-2e719b6f72b1967d4a1897c95a289e4a\" style=\"border-top-left-radius:100px;border-top-right-radius:100px;border-bottom-left-radius:100px;border-bottom-right-radius:100px;color:#f97316;background-color:#f973161a;padding-top:6px;padding-right:16px;padding-bottom:6px;padding-left:16px;font-style:normal;font-weight:800\">\ud83d\udd25 Promozione attiva<\/p>\n<\/div>\n\n\n<h3 style=\"font-style:normal;font-weight:800; padding-top:var(--wp--preset--spacing--15);padding-bottom:var(--wp--preset--spacing--15);\" class=\"has-text-align-center has-link-color wp-elements-4f07994f49df5d1ed1e7a87169f5a39d wp-block-post-title has-text-color has-black-color has-x-large-font-size\">Domini .xyz a soli 5\u20ac<\/h3>\n\n<div class=\"entry-content has-text-align-center wp-elements-5997fae66134711dc1d1d3a581dce68d wp-block-post-content has-text-color has-gray-text-color has-small-font-size is-layout-flow wp-block-post-content-is-layout-flow\">\n<p class=\"has-text-align-center\"><span class=\"ck\" style=\"display:inline-flex;align-items:center;justify-content:center;width:20px;height:20px;border-radius:6px;background:linear-gradient(135deg, var(--wp--preset--color--green-dark), var(--wp--preset--color--green));color:#fff;font-size:10px;font-weight:800;flex-shrink:0\">\u2713<\/span> Promozione valida per la sola registrazione<br><span class=\"ck\" style=\"display:inline-flex;align-items:center;justify-content:center;width:20px;height:20px;border-radius:6px;background:linear-gradient(135deg, var(--wp--preset--color--green-dark), var(--wp--preset--color--green));color:#fff;font-size:10px;font-weight:800;flex-shrink:0\">\u2713<\/span> Solo per il primo anno<\/p>\n<\/div>\n\n\n<div class=\"wp-block-group is-vertical is-content-justification-center is-layout-flex wp-container-core-group-is-layout-aac37b89 wp-block-group-is-layout-flex\" style=\"margin-top:var(--wp--preset--spacing--45);margin-bottom:var(--wp--preset--spacing--45)\">\n<div class=\"wp-block-group has-section-bg-background-color has-background is-content-justification-center is-nowrap is-layout-flex wp-container-core-group-is-layout-a0ea6c7d wp-block-group-is-layout-flex\" style=\"border-top-left-radius:12px;border-top-right-radius:12px;border-bottom-left-radius:12px;border-bottom-right-radius:12px;padding-top:16px;padding-right:24px;padding-bottom:16px;padding-left:24px\">\n<p class=\"has-text-align-center has-green-dark-color has-text-color has-link-color has-mono-font-family has-x-large-font-size wp-elements-086909c27d41ea16f7f5289bb963c808\" style=\"padding-top:0;padding-bottom:0;font-style:normal;font-weight:700\">domxyz<\/p>\n\n\n\n<p class=\"has-text-align-center has-text-color has-background has-link-color has-small-font-size wp-elements-435bbe8ef77f3ffc8c785af8b7464860\" style=\"border-top-left-radius:6px;border-top-right-radius:6px;border-bottom-left-radius:6px;border-bottom-right-radius:6px;color:#f97316;background-color:#f973161a;padding-top:6px;padding-right:16px;padding-bottom:6px;padding-left:16px;font-style:normal;font-weight:800\"><strong>5\u20ac<\/strong><\/p>\n<\/div>\n<\/div>\n\n\n\n<div class=\"wp-block-buttons is-content-justification-center is-layout-flex wp-container-core-buttons-is-layout-a89b3969 wp-block-buttons-is-layout-flex\">\n<div class=\"wp-block-button is-style-green hover-scale\"><a href='https:\/\/my.supporthost.com\/cart.php?a=add&amp;language=italian&amp;currency=1&amp;tld=.xyz&amp;domain=register&amp;promocode=domxyz' class=\"wp-block-button__link wp-element-button\">Acquista \u2192<\/a><\/div>\n<\/div>\n<\/div>\n\n<\/li><\/ul>\n\n<\/div>\n<\/div>\n\n\n\n<div class=\"wp-block-group alignfull sh-steps has-section-bg-background-color has-background has-global-padding is-layout-constrained wp-block-group-is-layout-constrained\" id=\"how-it-works\" style=\"margin-top:0px;margin-bottom:0px;padding-top:var(--wp--preset--spacing--60);padding-bottom:var(--wp--preset--spacing--60)\">\n<p class=\"has-text-align-center has-green-dark-color has-text-color has-link-color wp-elements-2b6ef1eb36a46ea8c4dcd8c8dc3e3712\" style=\"font-size:11px;font-style:normal;font-weight:600;text-transform:uppercase\">Come funziona<\/p>\n\n\n\n<h2 class=\"wp-block-heading has-text-align-center has-xx-large-font-size\">Come applicare un codice sconto<\/h2>\n\n\n\n<p class=\"has-text-align-center has-gray-text-color has-text-color has-link-color wp-elements-6a1d9c0d17575890b3f6b0523d6bf332\" style=\"font-size:15px\">Tre modi per ottenere i prezzi scontati.<\/p>\n\n\n\n<div class=\"wp-block-group grid-3 is-layout-grid wp-container-core-group-is-layout-a683fd78 wp-block-group-is-layout-grid\">\n<div class=\"wp-block-group is-vertical is-content-justification-center is-layout-flex wp-container-core-group-is-layout-ce155fab wp-block-group-is-layout-flex\">\n<p class=\"has-text-align-center has-border-color has-white-background-color has-background has-mono-font-family has-big-font-size\" style=\"border-color:#e4e4e7;border-width:1px;border-top-left-radius:100%;border-top-right-radius:100%;border-bottom-left-radius:100%;border-bottom-right-radius:100%;padding-top:20px;padding-right:26px;padding-bottom:20px;padding-left:26px;font-style:normal;font-weight:700\">01<\/p>\n\n\n\n<h3 class=\"wp-block-heading has-text-align-center\" style=\"font-size:15px\">Applica lo sconto<\/h3>\n\n\n\n<p class=\"has-text-align-center has-gray-text-color has-text-color has-link-color wp-elements-ed58b8231cdacaf99aebcfabc6a43208\" style=\"font-size:13px\">Se clicchi sul bottone &#8220;Applica lo sconto \u2192&#8221; in questa pagina, il coupon viene applicato sul sito e puoi vedere tutti i prodotti scontati.<\/p>\n<\/div>\n\n\n\n<div class=\"wp-block-group is-vertical is-content-justification-center is-layout-flex wp-container-core-group-is-layout-ce155fab wp-block-group-is-layout-flex\">\n<p class=\"has-text-align-center has-border-color has-white-background-color has-background has-mono-font-family has-big-font-size\" style=\"border-color:#e4e4e7;border-width:1px;border-top-left-radius:100%;border-top-right-radius:100%;border-bottom-left-radius:100%;border-bottom-right-radius:100%;padding-top:20px;padding-right:26px;padding-bottom:20px;padding-left:26px;font-style:normal;font-weight:700\">02<\/p>\n\n\n\n<h3 class=\"wp-block-heading has-text-align-center\" style=\"font-size:15px\">Inserisci nel footer<\/h3>\n\n\n\n<p class=\"has-text-align-center has-gray-text-color has-text-color has-link-color wp-elements-1c92ddd2210dfca7d119e1f8cec07cdf\" style=\"font-size:13px\">Trovi un campo per inserire il codice sconto nel footer di ogni pagina. Inserisci il codice per vedere i prezzi aggiornati.<\/p>\n<\/div>\n\n\n\n<div class=\"wp-block-group is-vertical is-content-justification-center is-layout-flex wp-container-core-group-is-layout-ce155fab wp-block-group-is-layout-flex\">\n<p class=\"has-text-align-center has-border-color has-white-background-color has-background has-mono-font-family has-big-font-size\" style=\"border-color:#e4e4e7;border-width:1px;border-top-left-radius:100%;border-top-right-radius:100%;border-bottom-left-radius:100%;border-bottom-right-radius:100%;padding-top:20px;padding-right:26px;padding-bottom:20px;padding-left:26px;font-style:normal;font-weight:700\">03<\/p>\n\n\n\n<h3 class=\"wp-block-heading has-text-align-center\" style=\"font-size:15px\">Ordina con lo sconto<\/h3>\n\n\n\n<p class=\"has-text-align-center has-gray-text-color has-text-color has-link-color wp-elements-874cc33531e63d60829b93271460c146\" style=\"font-size:13px\">I prezzi scontati sono visibili su tutte le pagine prodotto. Scegli il piano, ordina e il codice viene applicato automaticamente nel carrello.<\/p>\n<\/div>\n<\/div>\n<\/div>\n\n\n\n<div class=\"wp-block-group has-global-padding is-layout-constrained wp-block-group-is-layout-constrained\" style=\"margin-top:var(--wp--preset--spacing--75);margin-bottom:var(--wp--preset--spacing--75)\">\n<p class=\"has-text-align-center has-green-dark-color has-text-color has-link-color wp-elements-a9bdba961f951984b71fec89c73d425b\" style=\"font-size:11px;font-style:normal;font-weight:600;text-transform:uppercase\">Domande frequenti<\/p>\n\n\n\n<h2 class=\"wp-block-heading has-text-align-center has-xx-large-font-size\" style=\"font-style:normal;font-weight:600;line-height:1.3\">FAQ sui codici sconto<\/h2>\n\n\n\n<p class=\"has-text-align-center has-gray-text-color has-text-color has-link-color has-small-font-size wp-elements-ae83f3a7e516a6ee3e7cd7720287abdd\" style=\"margin-bottom:var(--wp--preset--spacing--60)\">Tutto quello che devi sapere sulle nostre promozioni.<\/p>\n\n\n<div id=\"rank-math-faq\" class=\"rank-math-block\">\n<div class=\"rank-math-list \">\n<div id=\"faq-question-1673373652711\" class=\"rank-math-list-item\">\n<h3 class=\"rank-math-question \">Come applico un codice sconto?<\/h3>\n<div class=\"rank-math-answer \">\n\n<p>Puoi applicare un codice sconto in due modi: visitando il sito con il parametro ?promocode=CODICE nell&#8217;URL, oppure inserendo il codice nel campo dedicato che trovi nel footer di ogni pagina. I prezzi si aggiornano automaticamente su tutte le pagine prodotto.<\/p>\n\n<\/div>\n<\/div>\n<div id=\"faq-question-1673373662748\" class=\"rank-math-list-item\">\n<h3 class=\"rank-math-question \">Lo sconto vale su tutti i piani?<\/h3>\n<div class=\"rank-math-answer \">\n\n<p>I codici sconto sono generalmente validi su tutti i piani di hosting condiviso, LiteSpeed, semidedicato, reseller e sui piani CMS (WordPress, WooCommerce, PrestaShop, ecc.). Alcuni codici potrebbero avere limitazioni specifiche indicate nella promozione.<\/p>\n<p>Visitando le singole pagine puoi vedere gli sconti applicati. <\/p>\n\n<\/div>\n<\/div>\n<div id=\"faq-question-1673373866282\" class=\"rank-math-list-item\">\n<h3 class=\"rank-math-question \">I codici sconto sono cumulabili?<\/h3>\n<div class=\"rank-math-answer \">\n\n<p>No, \u00e8 possibile utilizzare un solo codice sconto per ordine. Se hai pi\u00f9 codici, verr\u00e0 applicato quello inserito per ultimo.<\/p>\n\n<\/div>\n<\/div>\n<div id=\"faq-question-1673373882025\" class=\"rank-math-list-item\">\n<h3 class=\"rank-math-question \">Lo sconto si applica solo al primo anno?<\/h3>\n<div class=\"rank-math-answer \">\n\n<p>I codici sconto si applicano al primo periodo di fatturazione (mensile, annuale, triennale). Al rinnovo verr\u00e0 applicato il prezzo regolare, a meno che non sia specificato diversamente nella promozione.<\/p>\n<p>Alcuni codici sconto si applicano solo a periodi specifici. Visita il sito per vedere a quali prodotti e a quali periodi di pagamento di applica il codice.<\/p>\n\n<\/div>\n<\/div>\n<div id=\"faq-question-1673374068801\" class=\"rank-math-list-item\">\n<h3 class=\"rank-math-question \">Come faccio a sapere se ci sono promozioni attive?<\/h3>\n<div class=\"rank-math-answer \">\n\n<p>Tieni d&#8217;occhio questa pagina che aggiorniamo regolarmente con le promozioni attive. Puoi anche seguirci sui social media per sapere quando abbiamo delle nuove promozioni.<\/p>\n\n<\/div>\n<\/div>\n<div id=\"faq-question-1673374100323\" class=\"rank-math-list-item\">\n<h3 class=\"rank-math-question \">Vedo i prezzi scontati, come faccio a sapere quale codice sconto \u00e8 applicato?<\/h3>\n<div class=\"rank-math-answer \">\n\n<p>Se vedi i prezzi scontati, controlla nel footer dove troverai un box per l&#8217;inserimento dei coupon. Se \u00e8 stato applicato un codice sconto, lo vedrai inserito in questo box.<\/p>\n\n<\/div>\n<\/div>\n<\/div>\n<\/div><\/div>\n\n\n\n<p class=\"has-text-align-center has-gray-text-color has-text-color has-link-color has-extra-small-font-size wp-elements-607ea34c127d8d8bee46bb5729f6e4a7\">*Salvo indicazioni diverse, i codici sconto elencati su questa pagina sono destinati esclusivamente a nuovi acquisti. Tutti i prezzi sono IVA esclusa.<\/p>\n\n\n\n<div style=\"height:50px\" aria-hidden=\"true\" class=\"wp-block-spacer\"><\/div>\n","protected":false},"excerpt":{"rendered":"<p>Promozioni attive Codici sconto e Promozioni Scopri le promozioni attive su SupportHost. Applica il codice sconto per vedere i prezzi scontati nelle pagine! L&#8217;hosting che cerchi al miglior prezzo Web hosting Tutte le promozioni attive relative ai nostri servizi di hosting. Il tuo nuovo nome sul web Domini Tutte le promozioni attive relative ai domini [&hellip;]<\/p>\n","protected":false},"author":1,"featured_media":63378,"parent":0,"menu_order":0,"comment_status":"closed","ping_status":"closed","template":"","meta":{"_acf_changed":false,"inline_featured_image":false,"footnotes":""},"class_list":["post-272","page","type-page","status-publish","has-post-thumbnail","hentry"],"acf":[],"_links":{"self":[{"href":"https:\/\/supporthost.com\/it\/wp-json\/wp\/v2\/pages\/272","targetHints":{"allow":["GET"]}}],"collection":[{"href":"https:\/\/supporthost.com\/it\/wp-json\/wp\/v2\/pages"}],"about":[{"href":"https:\/\/supporthost.com\/it\/wp-json\/wp\/v2\/types\/page"}],"author":[{"embeddable":true,"href":"https:\/\/supporthost.com\/it\/wp-json\/wp\/v2\/users\/1"}],"replies":[{"embeddable":true,"href":"https:\/\/supporthost.com\/it\/wp-json\/wp\/v2\/comments?post=272"}],"version-history":[{"count":87,"href":"https:\/\/supporthost.com\/it\/wp-json\/wp\/v2\/pages\/272\/revisions"}],"predecessor-version":[{"id":138740,"href":"https:\/\/supporthost.com\/it\/wp-json\/wp\/v2\/pages\/272\/revisions\/138740"}],"wp:featuredmedia":[{"embeddable":true,"href":"https:\/\/supporthost.com\/it\/wp-json\/wp\/v2\/media\/63378"}],"wp:attachment":[{"href":"https:\/\/supporthost.com\/it\/wp-json\/wp\/v2\/media?parent=272"}],"curies":[{"name":"wp","href":"https:\/\/api.w.org\/{rel}","templated":true}]}}