{"id":159,"date":"2024-04-06T22:00:30","date_gmt":"2024-04-06T22:00:30","guid":{"rendered":"https:\/\/supporthost.com\/it\/?page_id=159"},"modified":"2026-02-25T01:08:25","modified_gmt":"2026-02-25T00:08:25","slug":"termini-per-i-domini-it","status":"publish","type":"page","link":"https:\/\/supporthost.com\/it\/termini-per-i-domini-it\/","title":{"rendered":"Termini per i domini .IT"},"content":{"rendered":"\n<div class=\"wp-block-rank-math-toc-block\" id=\"rank-math-toc\"><h2>Indice<\/h2><nav><ul><li><a href=\"#dichiarazioni-e-assunzioni-di-responsabilita\">Dichiarazioni e assunzioni di responsabilit\u00e0<\/a><\/li><li><a href=\"#informativa-e-acquisizione-del-consenso-ai-fini-del-trattamento-del-dato-per-la-registrazione-del-nome-a-dominio-e-per-la-visibilita-in-internet\">Informativa e acquisizione del consenso ai fini del trattamento del dato per la registrazione del nome a dominio e per la visibilit\u00e0 in Internet<\/a><\/li><li><a href=\"#consenso-al-trattamento-dei-dati-personali-a-fini-di-registrazione\">Consenso al trattamento dei dati personali a fini di registrazione<\/a><\/li><li><a href=\"#consenso-al-trattamento-dei-dati-personali-per-la-diffusione-ed-accessibilita-via-internet\">Consenso al trattamento dei dati personali per la diffusione ed accessibilit\u00e0 via Internet<\/a><\/li><li><a href=\"#accettazione-esplicita-dei-seguenti-punti\">Accettazione esplicita dei seguenti punti<\/a><\/li><\/ul><\/nav><\/div>\n\n\n\n<h2 class=\"wp-block-heading\" id=\"dichiarazioni-e-assunzioni-di-responsabilita\">Dichiarazioni e assunzioni di responsabilit\u00e0<\/h2>\n\n\n\n<p>Il registrante del nome a dominio in oggetto, in particolare dichiara sotto la propria responsabilit\u00e0:<\/p>\n\n\n\n<p><strong>a)<\/strong> di essere in possesso della cittadinanza o residente in uno dei paesi appartenenti all\u2019Unione Europea (in caso di registrazione per persona fisica);<\/p>\n\n\n\n<p><strong>b)<\/strong> di essere stabilito in uno dei paesi appartenenti all\u2019Unione Europea (in caso di registrazione per altra organizzazione);<\/p>\n\n\n\n<p><strong>c)<\/strong> di essere a conoscenza e di accettare che la registrazione e gestione di un nome a dominio sono soggette al \u201cRegolamento di assegnazione e gestione dei nomi a dominio nel ccTLD .it\u201d e al \u201cRegolamento per la risoluzione delle dispute nel ccTLD.it\u201d e loro successive modifiche;<\/p>\n\n\n\n<p><strong>d)<\/strong> di avere titolo all\u2019uso e\/o disponibilit\u00e0 giuridica del nome a dominio richiesto e di non ledere, con tale richiesta di registrazione, diritti di terzi;<\/p>\n\n\n\n<p><strong>e)<\/strong> di essere a conoscenza che ai fini dell\u2019inserimento dei dati personali nel database dei nomi a dominio assegnati, e alla loro eventuale diffusione e accessibilit\u00e0 via Internet, occorre fornire espressamente il consenso barrando le apposite caselle sulla base dell\u2019informativa che segue. Sul sito del Registro (<a href=\"https:\/\/www.nic.it\/it\" target=\"_blank\" rel=\"noreferrer noopener\">nic.it<\/a>) \u00e8 consultabile il documento \u201cLa politica del Registro .it sul database Whois\u201d;<\/p>\n\n\n\n<p><strong>f)<\/strong> di essere a conoscenza e di accettare che in caso di erronea o falsa dichiarazione nella presente richiesta, il Registro provveder\u00e0 alla immediata revoca del nome a dominio, salvo ogni pi\u00f9 ampia azione legale. In tal caso la revoca non potr\u00e0 in alcun modo dare luogo a richieste di risarcimento nei confronti del Registro;<\/p>\n\n\n\n<p><strong>g)<\/strong> di sollevare il Registro da qualsiasi responsabilit\u00e0 derivante dalla assegnazione e dall\u2019utilizzo del nome a dominio da parte del richiedente;<\/p>\n\n\n\n<p><strong>h)<\/strong> di accettare la giurisdizione italiana e le leggi dell\u2019Ordinamento Statale Italiano.<\/p>\n\n\n\n<h2 class=\"wp-block-heading\" id=\"informativa-e-acquisizione-del-consenso-ai-fini-del-trattamento-del-dato-per-la-registrazione-del-nome-a-dominio-e-per-la-visibilita-in-internet\">Informativa e acquisizione del consenso ai fini del trattamento del dato per la registrazione del nome a dominio e per la visibilit\u00e0 in Internet<\/h2>\n\n\n\n<p>Informativa ai sensi del Codice in materia di protezione dei dati personali (D. Lgs. 30 giugno 2003, n.196, art. 13). Per lo svolgimento delle attivit\u00e0 cui la presente informativa si riferisce:<\/p>\n\n\n\n<p><strong>a)<\/strong> il titolare del trattamento \u00e8 il CNR, attraverso l&#8217;Istituto di Informatica e Telematica del CNR, Registro .it (<a href=\"https:\/\/www.nic.it\/it\" target=\"_blank\" rel=\"noreferrer noopener\">nic.it<\/a>);<\/p>\n\n\n\n<p><strong>b)<\/strong> il responsabile del trattamento \u00e8 il Registrar che di volta in volta gestisce il rapporto contrattuale con il Registrante; i suoi estremi identificativi sono contenuti nel contratto in essere tra il predetto Registrar ed il Registrante, e quindi conosciuti dall\u2019interessato. Una lista dei responsabili del trattamento \u00e8 disponibile sul sito web del Registro (<a href=\"https:\/\/www.nic.it\/it\" target=\"_blank\" rel=\"noreferrer noopener\">nic.it<\/a>). Il Registrar rimane titolare del trattamento relativamente al rapporto contrattuale direttamente intercorrente con il Registrante, non ricompreso nella presente informativa;<\/p>\n\n\n\n<p><strong>c)<\/strong> le informazioni obbligatorie sono quelle indispensabili all&#8217;espletamento del servizio richiesto.<\/p>\n\n\n\n<p>I dati personali del Registrante sono raccolti dal Registrar che di volta in volta gestisce il rapporto contrattuale con il Registrante mediante il presente modulo, al fine dell\u2019iscrizione e gestione del nome a dominio nel Data Base dei Nomi Assegnati presso l\u2019Istituto di Informatica e Telematica del CNR, Registro .it.<\/p>\n\n\n\n<p>Oltre ai dati personali raccolti tramite la compilazione del modulo, ove la transazione sia effettuata via telematica, verr\u00e0 inoltre rilevato e conservato l&#8217;indirizzo IP da cui origina il collegamento Internet relativo alla compilazione del modulo on-line presso il Registrant ed il log della relativa transazione, ai fini di contribuire all&#8217;identificazione del registrante in relazione alle generalit\u00e0 dichiarate ed alle dichiarazioni rese dal registrante stesso. I dati personali, il predetto indirizzo IP ed il log della transazione costituiscono le informazioni obbligatorie.<\/p>\n\n\n\n<p>Le informazioni obbligatorie raccolte saranno trattate per finalit\u00e0 di gestione amministrativa e contabile, tutela dei diritti e le altre finalit\u00e0 ed attivit\u00e0 connesse alla registrazione, gestione, contestazione, trasferimento e cancellazione del nome a dominio, nonch\u00e9 per ottemperare ad obblighi di legge, regolamento o normativa comunitaria, e comunicate a terzi per attivit\u00e0 accessorie o necessarie ai fini dell&#8217;espletamento delle predette finalit\u00e0. I dati non verranno utilizzati e comunicati a terzi per attivit\u00e0 di marketing o commercializzazione diretta. Fatta eccezione per l&#8217;indirizzo IP, i dati saranno altres\u00ec comunicati ai terzi che dichiarino di voler agire per la tutela dei propri diritti nei confronti del Registrante in relazione alla registrazione o l\u2019uso del nome a dominio. In ossequio alle norme tecniche della Internet Engineering Task Force \u2013 IETF (https:\/\/www.ietf.org) volte a garantire la raggiungibilit\u00e0 del nome a dominio sulla rete Internet, al fine del mantenimento dell\u2019equilibrio del relativo sistema, nonch\u00e9 in considerazione della politica del Registro .it tesa a evitare situazioni di anonimato e di consentire la rintracciabilit\u00e0 degli assegnatari, in caso di registrazione saranno in ogni caso visibili su Internet, tramite interrogazione Whois, insieme al nome a dominio i seguenti dati: nome e cognome del registrante o denominazione sociale, stato del dominio, Registrar e dati tecnici (contactID, data di registrazione, data di expire, data di ultimo aggiornamento e nameserver).<\/p>\n\n\n\n<p>Ai fini della presente informativa, il consenso al trattamento ai fini di registrazione si riferisce a tutte le predette attivit\u00e0 nel loro complesso.<\/p>\n\n\n\n<p>Il conferimento a fini di registrazione \u00e8 facoltativo, ma in caso di mancato consenso non sar\u00e0 possibile giungere alla registrazione, assegnazione e gestione del nome a dominio.<\/p>\n\n\n\n<p>Saranno inoltre visibili via Internet, previo separato consenso, tramite interrogazione Whois, insieme al nome a dominio i seguenti dati: indirizzo di residenza o della sede legale del registrante, numero di telefono, numero di fax, indirizzo e-mail, del Registrante.<\/p>\n\n\n\n<p>Ai fini della presente informativa, il consenso ai fini dell\u2019accessibilit\u00e0 e diffusione via Internet si riferisce solo a queste ultime attivit\u00e0 e tipologie di dati.<\/p>\n\n\n\n<p>Il conferimento ai fini dell&#8217;accessibilit\u00e0 e diffusione via Internet \u00e8 facoltativo; il mancato consenso non precluder\u00e0 la registrazione ma solo la visibilit\u00e0 pubblica via interrogazione Whois dei predetti dati, nei limiti sopra definiti. Ulteriori informazioni sulle modalit\u00e0 di interrogazione del data base del Registro sono disponibili sul sito web del Registro: www.nic.it.<\/p>\n\n\n\n<p>L\u2019interessato gode dei diritti di cui all\u2019art. 7 del Codice per la protezione dei dati personali tra i quali figurano il diritto di accesso, rettifica e cancellazione dei dati che lo riguardano.<\/p>\n\n\n\n<p>L\u2019esercizio dei predetti diritti potr\u00e0 essere esercitato tramite richiesta rivolta al Registrar che di volta in volta gestisce il rapporto contrattuale con il Registrante e in subordine all\u2019Istituto di Informatica e Telematica del CNR, Via Giuseppe Moruzzi, 1, I-56124 Pisa, Italia.<\/p>\n\n\n\n<h2 class=\"wp-block-heading\" id=\"consenso-al-trattamento-dei-dati-personali-a-fini-di-registrazione\">Consenso al trattamento dei dati personali a fini di registrazione<\/h2>\n\n\n\n<p>L&#8217;interessato, letta l&#8217;informativa di cui sopra, presta il consenso al trattamento delle informazioni obbligatorie ai fini di registrazione, come definiti nella informativa di cui sopra.<\/p>\n\n\n\n<p>Il conferimento dei dati \u00e8 facoltativo, ma in caso di mancato consenso non sar\u00e0 possibile giungere alla registrazione, assegnazione e gestione del nome a dominio.<\/p>\n\n\n\n<h2 class=\"wp-block-heading\" id=\"consenso-al-trattamento-dei-dati-personali-per-la-diffusione-ed-accessibilita-via-internet\">Consenso al trattamento dei dati personali per la diffusione ed accessibilit\u00e0 via Internet<\/h2>\n\n\n\n<p>L&#8217;interessato, letta l&#8217;informativa di cui sopra, presta il consenso alla diffusione e accessibilit\u00e0 via Internet, come definite nella informativa di cui sopra.<\/p>\n\n\n\n<p>Il conferimento \u00e8 facoltativo, e il mancato consenso non permette la diffusione e accessibilit\u00e0 via Internet dei dati relativi.<\/p>\n\n\n\n<h2 class=\"wp-block-heading\" id=\"accettazione-esplicita-dei-seguenti-punti\">Accettazione esplicita dei seguenti punti<\/h2>\n\n\n\n<p>Per accettazione esplicita dei seguenti punti:<\/p>\n\n\n\n<p><strong>c)<\/strong> di essere a conoscenza e di accettare che la registrazione e gestione di un nome a dominio sono soggette al \u201cRegolamento di assegnazione e gestione dei nomi a dominio nel ccTLD .it\u201d e al \u201cRegolamento per la risoluzione delle dispute nel ccTLD .it\u201d e loro successive modifiche;<\/p>\n\n\n\n<p><strong>f)<\/strong> di essere a conoscenza e di accettare che in caso di erronea o falsa dichiarazione nella presente richiesta, il Registro provveder\u00e0 all\u2019immediata revoca del nome a dominio, salvo ogni pi\u00f9 ampia azione legale. In tal caso la revoca non potr\u00e0 in alcun modo dare luogo a richieste di risarcimento nei confronti del Registro;<\/p>\n\n\n\n<p><strong>g)<\/strong> di sollevare il Registro da qualsiasi responsabilit\u00e0 derivante dalla assegnazione e dall\u2019utilizzo del nome a dominio da parte della persona fisica richiedente;<\/p>\n\n\n\n<p><strong>h)<\/strong> di accettare la giurisdizione italiana e le leggi dell\u2019Ordinamento Statale Italiano.<\/p>\n","protected":false},"excerpt":{"rendered":"<p>Dichiarazioni e assunzioni di responsabilit\u00e0 Il registrante del nome a dominio in oggetto, in particolare dichiara sotto la propria responsabilit\u00e0: a) di essere in possesso della cittadinanza o residente in uno dei paesi appartenenti all\u2019Unione Europea (in caso di registrazione per persona fisica); b) di essere stabilito in uno dei paesi appartenenti all\u2019Unione Europea (in [&hellip;]<\/p>\n","protected":false},"author":1,"featured_media":63440,"parent":0,"menu_order":0,"comment_status":"closed","ping_status":"closed","template":"page-legal","meta":{"_acf_changed":false,"inline_featured_image":false,"footnotes":""},"class_list":["post-159","page","type-page","status-publish","has-post-thumbnail","hentry"],"acf":[],"_links":{"self":[{"href":"https:\/\/supporthost.com\/it\/wp-json\/wp\/v2\/pages\/159","targetHints":{"allow":["GET"]}}],"collection":[{"href":"https:\/\/supporthost.com\/it\/wp-json\/wp\/v2\/pages"}],"about":[{"href":"https:\/\/supporthost.com\/it\/wp-json\/wp\/v2\/types\/page"}],"author":[{"embeddable":true,"href":"https:\/\/supporthost.com\/it\/wp-json\/wp\/v2\/users\/1"}],"replies":[{"embeddable":true,"href":"https:\/\/supporthost.com\/it\/wp-json\/wp\/v2\/comments?post=159"}],"version-history":[{"count":4,"href":"https:\/\/supporthost.com\/it\/wp-json\/wp\/v2\/pages\/159\/revisions"}],"predecessor-version":[{"id":137479,"href":"https:\/\/supporthost.com\/it\/wp-json\/wp\/v2\/pages\/159\/revisions\/137479"}],"wp:featuredmedia":[{"embeddable":true,"href":"https:\/\/supporthost.com\/it\/wp-json\/wp\/v2\/media\/63440"}],"wp:attachment":[{"href":"https:\/\/supporthost.com\/it\/wp-json\/wp\/v2\/media?parent=159"}],"curies":[{"name":"wp","href":"https:\/\/api.w.org\/{rel}","templated":true}]}}