{"id":143,"date":"2024-04-06T21:39:18","date_gmt":"2024-04-06T21:39:18","guid":{"rendered":"https:\/\/supporthost.com\/it\/?page_id=143"},"modified":"2026-02-25T01:08:01","modified_gmt":"2026-02-25T00:08:01","slug":"privacy-policy","status":"publish","type":"page","link":"https:\/\/supporthost.com\/it\/privacy-policy\/","title":{"rendered":"Privacy Policy"},"content":{"rendered":"\n<p>INFORMATIVA SUL TRATTAMENTO DI DATI PERSONALI ai sensi del Regolamento (UE) 2016\/679 del Parlamento europeo e del Consiglio del 27 aprile 2016 (GDPR)<\/p>\n\n\n\n<div class=\"wp-block-rank-math-toc-block\" id=\"rank-math-toc\"><h2>Indice<\/h2><nav><ul><li><a href=\"#soft-spamming\">Soft spamming<\/a><\/li><li><a href=\"#trattamento-dei-dati\">Trattamento dei dati<\/a><\/li><li><a href=\"#art-1-finalita-e-base-giuridica-del-trattamento-conferimento-obbligatorio-o-facoltativo-conseguenze-del-rifiuto-al-trattamento\">Art. 1. Finalit\u00e0 e base giuridica del trattamento. Conferimento obbligatorio o facoltativo. Conseguenze del rifiuto al trattamento.<\/a><ul><li><a href=\"#dati-relativi-alla-carta-di-pagamento\">Dati relativi alla carta di pagamento<\/a><\/li><li><a href=\"#bonifico-bancario\">Bonifico bancario<\/a><\/li><li><a href=\"#dati-particolari-o-giudiziari\">Dati particolari o giudiziari<\/a><\/li><\/ul><\/li><li><a href=\"#art-2-modalita-del-trattamento\">Art. 2. Modalit\u00e0 del trattamento<\/a><\/li><li><a href=\"#art-3-comunicazione-e-diffusione-dei-dati\">Art. 3. Comunicazione e diffusione dei dati<\/a><\/li><li><a href=\"#art-4-modalita-di-contatto-del-titolare-del-trattamento\">Art. 4. Modalit\u00e0 di contatto del titolare del Trattamento<\/a><\/li><li><a href=\"#art-5-conservazione-dei-dati-personali\">Art. 5. Conservazione dei dati personali<\/a><\/li><li><a href=\"#art-6-trasferimento-dei-dati-in-paesi-terzi\">Art. 6. Trasferimento dei dati in Paesi terzi<\/a><ul><li><a href=\"#diritti-dellinteressato\">Diritti dell&#8217;interessato<\/a><\/li><\/ul><\/li><li><a href=\"#art-7-modifiche\">Art. 7. Modifiche<\/a><\/li><li><a href=\"#art-8-cookies\">Art. 8. Cookies<\/a><ul><li><a href=\"#che-cosa-sono-i-cookie-e-a-cosa-servono\">Che cosa sono i cookie e a cosa servono<\/a><\/li><li><a href=\"#modalita-per-manifestare-il-consenso-ai-cookie-di-profilazione\">Modalit\u00e0 per manifestare il consenso ai cookie di profilazione<\/a><\/li><li><a href=\"#ulteriori-informazioni\">Ulteriori Informazioni<\/a><\/li><\/ul><\/li><\/ul><\/nav><\/div>\n\n\n\n<p><strong>P<\/strong><strong>remessa<\/strong><\/p>\n\n\n\n<p>La presente informativa \u00e8 resa per il sito <a href=\"https:\/\/supporthost.com\/it\/\"><strong>https:\/\/supporthost.com\/it\/<\/strong><\/a> (<strong>Sito<\/strong>) di propriet\u00e0 di SupportHost O\u00dc, con sede legale in Ahtri tn 12, Tallinn, 10151, Estonia (<strong>Titolare del Trattamento<\/strong>), in persona del legale rappresentante e socio unico Sig. Ivan Messina (VAT EE102402247) in qualit\u00e0 di Titolare del Trattamento ai sensi del GDPR.<\/p>\n\n\n\n<p><strong>Acquisti sul Sito<\/strong><\/p>\n\n\n\n<p>Previo Suo conferimento, i Suoi dati personali verranno trattati per permetterLe di effettuare acquisti sul Sito.<\/p>\n\n\n\n<p><strong>Registrazione<\/strong><\/p>\n\n\n\n<p>Le informazioni e i dati richiesti in caso di registrazione verranno utilizzati per consentirLe sia di accedere all\u2019area riservata del Sito, sia di usufruire dei servizi on line offerti dal Titolare del Trattamento agli utenti registrati.<\/p>\n\n\n\n<p><strong>Marketing<\/strong><\/p>\n\n\n\n<p>Previo Suo consenso, il Titolare del Trattamento potr\u00e0 trattare i dati personali da Lei conferiti al fine di inviarLe materiale pubblicitario e\/o newsletter relativi a servizi propri o di terzi.<\/p>\n\n\n\n<h2 class=\"wp-block-heading\" id=\"soft-spamming\">Soft spamming<\/h2>\n\n\n\n<p>Comunicazioni commerciali su servizi correlati (Soft spamming).<br>Potremo inviarLe via email offerte commerciali relative a servizi correlati a quelli gi\u00e0 acquistati, anche senza richiederLe un nuovo consenso.<\/p>\n\n\n\n<p>Esempi pratici:<\/p>\n\n\n\n<ul class=\"wp-block-list\">\n<li>Se acquista un hosting WordPress, potr\u00e0 ricevere offerte su certificati SSL, backup o servizi di sicurezza<\/li>\n\n\n\n<li>Se registra un dominio, potr\u00e0 ricevere proposte per servizi hosting correlati<\/li>\n\n\n\n<li>Se utilizza servizi base, potr\u00e0 ricevere offerte di upgrade o servizi aggiuntivi<\/li>\n<\/ul>\n\n\n\n<p>Questa comunicazione \u00e8 consentita dalla legge per servizi &#8220;analoghi&#8221; a quelli gi\u00e0 acquistati. Pu\u00f2 opporsi in qualsiasi momento cliccando &#8220;Annulla iscrizione&#8221; nelle email o contattando il nostro supporto.<\/p>\n\n\n\n<h2 class=\"wp-block-heading\" id=\"trattamento-dei-dati\">Trattamento dei dati<\/h2>\n\n\n\n<p>In ottemperanza al GDPR, con la presente intendiamo informarLa che il Titolare del Trattamento sottoporr\u00e0 a trattamento i dati personali che La riguardano alle seguenti condizioni.<\/p>\n\n\n\n<h2 class=\"wp-block-heading\" id=\"art-1-finalita-e-base-giuridica-del-trattamento-conferimento-obbligatorio-o-facoltativo-conseguenze-del-rifiuto-al-trattamento\"><strong>Art. 1. Finalit\u00e0 e base giuridica del trattamento. Conferimento obbligatorio o facoltativo. Conseguenze del rifiuto al trattamento.<\/strong><\/h2>\n\n\n\n<p>Il trattamento dei dati personali \u00e8 diretto al raggiungimento delle seguenti finalit\u00e0:<\/p>\n\n\n\n<p>a. per consentire l\u2019iscrizione al Sito e accedere ai servizi riservati agli utenti registrati nonch\u00e9 per permettere il rispetto degli obblighi derivanti dalla legge o dai regolamenti in vigore, in particolare, in ambito amministrativo, contabile, di pubblica sicurezza. La base giuridica del trattamento \u00e8 la necessit\u00e0 del Titolare del Trattamento di eseguire misure precontrattuali adottate su richiesta dell\u2019interessato oppure di adempiere a un obbligo di legge;<\/p>\n\n\n\n<p>b. nel caso di effettuazione di un ordine di acquisto online, per consentire la conclusione del contratto di acquisto e la corretta esecuzione delle operazioni connesse al medesimo (e, qualora necessario in base alla normativa di settore, per assolvere agli obblighi fiscali). La base giuridica del trattamento \u00e8 l\u2019obbligo del Titolare del Trattamento di eseguire il contratto con l\u2019interessato oppure di adempiere ad obblighi di legge;<\/p>\n\n\n\n<p>c. al fine di tutelare il Titolare del trattamento da acquisti fraudolenti, i dati anagrafici e di pagamento sono preventivamente filtrati da un servizio esterno automatizzato che consente il controllo con finalit\u00e0 di monitoraggio e prevenzione di pagamenti fraudolenti. Il superamento di questo controllo con esito negativo impedir\u00e0 il perfezionarsi della transazione. L\u2019interessato sar\u00e0 avvisato della circostanza e questi potr\u00e0 trasmettere documenti o informazioni utili per invalidare l\u2019esito negativo dei controlli automatici preventivi. La base giuridica del trattamento \u00e8 il legittimo interesse del titolare, tenendo conto dell&#8217;opportuno bilanciamento del legittimo interesse stesso con i diritti dell\u2019interessato, fatto salvo sempre il diritto dell\u2019interessato di opporsi al trattamento per le finalit\u00e0 in oggetto, desistendo dal procedere con l\u2019ordine stesso.&nbsp;<\/p>\n\n\n\n<p>d. limitatamente alle coordinate di posta elettronica da Lei fornite nel contesto di un acquisto tramite il Sito, per consentire l\u2019offerta diretta da parte del Titolare del Trattamento di servizi analoghi (c.d. soft spamming), sempre che Lei non si opponga a tale trattamento nelle modalit\u00e0 previste dalla presente informativa. La base giuridica del trattamento \u00e8 il legittimo interesse del Titolare del Trattamento ad inviare questo tipo di comunicazioni. Questo legittimo interesse pu\u00f2 ritenersi equivalente all\u2019interesse dell\u2019interessato a ricevere comunicazioni di \u201csoft-spam\u201d;<\/p>\n\n\n\n<p>e. previo Suo consenso, per l\u2019invio di newsletter e per l\u2019effettuazione di indagini di mercato, anche dirette a valutare il grado di soddisfazione degli utenti, e l\u2019invio di materiale pubblicitario relativo a servizi del Titolare del Trattamento e\/o di terzi, a mezzo di sistemi quali email (<strong>finalit\u00e0 di marketing<\/strong>); La base giuridica del trattamento \u00e8 il consenso dell\u2019interessato;<\/p>\n\n\n\n<p>f. per rispondere per email, telefono alle Sue richieste. Il conferimento \u00e8 facoltativo, ma il Suo rifiuto comporter\u00e0 l\u2019impossibilit\u00e0 per il Titolare del Trattamento di rispondere alle Sue richieste. La base giuridica del trattamento \u00e8 il legittimo interesse del Titolare del Trattamento a rispondere alle richieste dell\u2019utente. Questo legittimo interesse \u00e8 equivalente all\u2019interesse dell\u2019utente a ricevere risposta alle comunicazioni inviate al Titolare del Trattamento.<\/p>\n\n\n\n<p>f. nel caso in cui l\u2019interessato voglia lasciare un commento sul blog, i dati inseriti e il contenuto del commento saranno resi visibili da chiunque navighi sul blog. La base giuridica del trattamento \u00e8 il consenso dell\u2019interessato. Allo stesso modo, eventuali messaggi inviati dall\u2019interessato attraverso la piattaforma Facebook, rimanendo vincolato alle condizioni di servizio e privacy policy di quest&#8217;ultimo, sono trattati dal titolare sulla base del consenso dell\u2019interessato.<\/p>\n\n\n\n<p>Il conferimento dei dati per le finalit\u00e0 di cui ai punti a), b) e c) \u00e8 meramente facoltativo. Tuttavia, poich\u00e9 tale trattamento \u00e8 necessario per effettuare un acquisto sul Sito il Suo eventuale rifiuto di conferire i dati in questione comporter\u00e0 l\u2019impossibilit\u00e0 di effettuare tale acquisto tramite il Sito.<\/p>\n\n\n\n<p>L\u2019assenso al trattamento dei Suoi dati per finalit\u00e0 di marketing \u00e8 meramente facoltativo. Il mancato assenso implicher\u00e0 esclusivamente le conseguenze di seguito descritte.<\/p>\n\n\n\n<p>Il mancato assenso al trattamento dei dati per finalit\u00e0 di marketing comporter\u00e0 l\u2019impossibilit\u00e0 per Lei di ricevere materiale pubblicitario relativo a servizi del Titolare del Trattamento e\/o di terzi nonch\u00e9 l\u2019impossibilit\u00e0 per il Titolare del Trattamento di svolgere indagini di mercato, anche dirette a valutare il grado di soddisfazione degli utenti, nonch\u00e9 di inviarLe newsletter.<\/p>\n\n\n\n<p>Fermo quanto precede, resta inteso che il Titolare del Trattamento potr\u00e0 comunque utilizzare i Suoi dati personali al solo fine di dare corretto adempimento agli obblighi previsti dalle leggi in vigore e agli obblighi derivanti dai rapporti contrattuali in essere tra Lei e il Titolare del Trattamento.<\/p>\n\n\n\n<p>Le ricordiamo che Lei potr\u00e0 opporsi al trattamento dei Suoi dati personali anche tramite apposito link presente in calce a qualsiasi email a contenuto promozionale inviata dal Titolare del Trattamento.<\/p>\n\n\n\n<h3 class=\"wp-block-heading\" id=\"dati-relativi-alla-carta-di-pagamento\">Dati relativi alla carta di pagamento<\/h3>\n\n\n\n<p>Per effettuare un pagamento tramite una delle carte di pagamento offerte sul Sito, l\u2019utente dovr\u00e0 inserire i dati riservati della carta di pagamento direttamente su una pagina che comunicher\u00e0 attraverso protocollo di criptazione sicuro con il fornitore del servizio di pagamento (che agir\u00e0 in qualit\u00e0 di autonomo titolare del trattamento), senza transitare dal server del Titolare del Trattamento che, quindi, non tratter\u00e0 in alcun modo tali dati. I dati verranno acquisiti in formato criptato.<\/p>\n\n\n\n<p>In esecuzione degli obblighi legali previsti dalla direttiva 2015\/2366\/ (UE) sui servizi di pagamento nel mercato interno (PSD2), Lei \u00e8 informato che, con riferimento agli acquisti effettuati sul Sito tramite carta di credito, tra i dati necessari alla conclusione del procedimento di acquisto pu\u00f2 figurare il numero di cellulare da Lei comunicato, oppure un diverso dato personale necessario per completare il procedimento di acquisto. Infatti, per permetterLe di completare l\u2019acquisto, l\u2019istituto di pagamento incaricato della gestione dell\u2019operazione Le invier\u00e0 un codice di autenticazione, il quale dovr\u00e0 essere da Lei riportato nell\u2019ambito del procedimento di acquisto per soddisfare i criteri di autenticazione previsti dalla PSD2 (Strong Customer Authentication). Il trattamento dei Suoi dati personali per queste finalit\u00e0 ha come base giuridica l\u2019adempimento di obblighi di legge e non richiedere il Suo consenso.<\/p>\n\n\n\n<p>Con riferimento ai dati della carta di pagamento, si precisa che il trattamento dei Suoi dati personali \u00e8 necessario per consentire la conclusione del contratto di acquisto online con il Titolare del Trattamento. Il mancato conferimento di questi dati, pertanto, non Le consentir\u00e0 di completare il processo di acquisto online.<\/p>\n\n\n\n<h3 class=\"wp-block-heading\" id=\"bonifico-bancario\">Bonifico bancario<\/h3>\n\n\n\n<p>Qualora Lei scelga come strumento di pagamento il bonifico bancario, in presenza di qualsiasi ipotesi di rimborso, il Titolare del Trattamento Le chieder\u00e0 le coordinate bancarie utili per poter predisporre il pagamento.<\/p>\n\n\n\n<h3 class=\"wp-block-heading\" id=\"dati-particolari-o-giudiziari\">Dati particolari o giudiziari<\/h3>\n\n\n\n<p>Il Titolare del Trattamento non tratta dati particolari o giudiziari.<\/p>\n\n\n\n<h2 class=\"wp-block-heading\" id=\"art-2-modalita-del-trattamento\">Art. 2. Modalit\u00e0 del trattamento<\/h2>\n\n\n\n<p>Il trattamento dei Suoi dati personali sar\u00e0 principalmente effettuato con l\u2019ausilio di mezzi elettronici o comunque automatizzati, secondo le modalit\u00e0 e con gli strumenti idonei a garantirne la sicurezza e la riservatezza in conformit\u00e0 al GDPR.<\/p>\n\n\n\n<p>Le informazioni acquisite e le modalit\u00e0 del trattamento saranno pertinenti e non eccedenti rispetto alla tipologia dei servizi resi. I dati saranno altres\u00ec gestiti e protetti in ambienti il cui accesso \u00e8 sotto costante controllo.<\/p>\n\n\n\n<h2 class=\"wp-block-heading\" id=\"art-3-comunicazione-e-diffusione-dei-dati\">Art. 3. Comunicazione e diffusione dei dati<\/h2>\n\n\n\n<p>I Suoi dati potranno essere comunicati:<\/p>\n\n\n\n<ul class=\"wp-block-list\">\n<li>a tutti quei soggetti (ivi incluse le Pubbliche Autorit\u00e0) che hanno accesso ai dati personali in forza di provvedimenti normativi o amministrativi<\/li>\n\n\n\n<li>agli istituti bancari ed alle societ\u00e0 che gestiscono i circuiti nazionali o internazionali di pagamento tramite i quali vengono effettuati i pagamenti online dei prodotti acquistati tramite il Sito<\/li>\n\n\n\n<li>a societ\u00e0, consulenti o professionisti eventualmente incaricati dell\u2019installazione, della manutenzione, dell\u2019aggiornamento e, in generale, della gestione degli hardware e software del Titolare del Trattamento o di cui quest\u2019ultimo si serve per l\u2019erogazione dei propri servizi<\/li>\n\n\n\n<li>a societ\u00e0 esterne incaricate dell\u2019invio di comunicazioni pubblicitarie per conto del Titolare del Trattamento<\/li>\n\n\n\n<li>ai dipendenti e\/o collaboratori del Titolare del Trattamento<\/li>\n\n\n\n<li>ai soggetti che gestiscono le transazioni di pagamento online<\/li>\n\n\n\n<li>a tutte quei soggetti pubblici e\/o privati, persone fisiche e\/o giuridiche (studi di consulenza legale, amministrativa e fiscale, Uffici Giudiziari, Camere di Commercio, Camere ed Uffici del Lavoro, ecc.), qualora la comunicazione risulti necessaria o funzionale al corretto adempimento degli obblighi derivanti dalla legge.<\/li>\n<\/ul>\n\n\n\n<p>I dati che la riguardano non saranno diffusi, se non in forma anonima ed aggregata, per finalit\u00e0 statistiche o di ricerca.<\/p>\n\n\n\n<p>Alcuni dei suddetti destinatari sono nominati responsabili del trattamento. E\u2019 possibile richiedere al titolare del trattamento l\u2019elenco dei responsabili.<\/p>\n\n\n\n<h2 class=\"wp-block-heading\" id=\"art-4-modalita-di-contatto-del-titolare-del-trattamento\">Art. 4. Modalit\u00e0 di contatto del titolare del Trattamento<\/h2>\n\n\n\n<p>Il Titolare del Trattamento dei dati personali pu\u00f2 essere contatto ai seguenti recapiti:<\/p>\n\n\n\n<p>SupportHost O\u00dc, con sede legale in Ahtri tn 12, Tallinn, 10151, Estonia.Attraverso il <a href=\"https:\/\/supporthost.com\/it\/contattaci\/\"><strong>modulo di contatto<\/strong><\/a> presente sul Sito o Tramite l\u2019apertura di un ticket per coloro che sono gi\u00e0&nbsp; clienti.<\/p>\n\n\n\n<h2 class=\"wp-block-heading\" id=\"art-5-conservazione-dei-dati-personali\">Art. 5. Conservazione dei dati personali<\/h2>\n\n\n\n<p>I dati personali verranno conservati secondo le seguenti logiche: (i) per finalit\u00e0 di marketing, fino alla revoca del consenso; (ii) per la finalit\u00e0 di eseguire il contratto di vendita, per 10 anni dalla data di ricezione dell\u2019ordine di acquisto; (iii) per finalit\u00e0 di difesa in giudizio, sino al passaggio in giudicato della sentenza; (iv) per finalit\u00e0 di adempiere alla normativa, per il tempo a tal fine necessario; (v) per la finalit\u00e0 di eseguire qualsiasi servizio richiesto tramite il Sito, per il tempo necessario a dare esecuzione alla richiesta e non oltre 5 anni, vi) per la verifica dei documenti ai fini della tutela antifrode, per il tempo strettamente necessario ad effettuare la verifica (massimo 3 giorni)<\/p>\n\n\n\n<h2 class=\"wp-block-heading\" id=\"art-6-trasferimento-dei-dati-in-paesi-terzi\">Art. 6. Trasferimento dei dati in Paesi terzi<\/h2>\n\n\n\n<p>I dati personali dell\u2019interessato sono conservati all\u2019interno dell\u2019Unione Europea.&nbsp;<\/p>\n\n\n\n<p>In alcuni casi i dati dell\u2019interessato potrebbero essere trasferiti al di fuori dell\u2019Unione Europea ove sussista una Decisione di Adeguatezza da parte della Commissione Europea o, comunque, sussistano adeguate garanzie.<\/p>\n\n\n\n<p>Nel caso in cui sia l\u2019interessato stesso a scegliere un nome di dominio o un server posto in un Paese per il quale non sussiste una decisione di adeguatezza, n\u00e9 adeguate garanzie di protezione, il trasferimento avviene in base all\u2019art. 49, lett. b) GDPR, ovvero per la necessit\u00e0 di trasferire i dati per l\u2019esecuzione di un contratto concluso tra l\u2019interessato e il titolare del trattamento.<\/p>\n\n\n\n<h3 class=\"wp-block-heading\" id=\"diritti-dellinteressato\">Diritti dell&#8217;interessato<\/h3>\n\n\n\n<p>Ai sensi dell\u2019art. 13 del Regolamento Privacy, il Titolare del Trattamento La informa che Lei ha diritto di:<\/p>\n\n\n\n<ul class=\"wp-block-list\">\n<li>chiedere al Titolare del Trattamento l\u2019accesso ai dati personali e la rettifica o la cancellazione degli stessi o la limitazione del trattamento che La riguardano o di opporsi al loro trattamento, oltre al diritto alla portabilit\u00e0 dei dati<\/li>\n\n\n\n<li>revocare il consenso in qualsiasi momento senza pregiudicare la liceit\u00e0 del trattamento basata sul consenso prestato prima della revoca<\/li>\n\n\n\n<li>proporre reclamo a un\u2019autorit\u00e0 di controllo (es.: il Garante per la protezione dei dati personali).<\/li>\n<\/ul>\n\n\n\n<p>I diritti di cui sopra potranno essere esercitati con richiesta rivolta senza formalit\u00e0 al Titolare del Trattamento ai contatti sopra indicati.<\/p>\n\n\n\n<h2 class=\"wp-block-heading\" id=\"art-7-modifiche\">Art. 7. Modifiche<\/h2>\n\n\n\n<p>Il Titolare del Trattamento si riserva il diritto di apportare modifiche alla presente informativa in qualsiasi momento, dandone idonea pubblicit\u00e0 agli utenti del Sito e garantendo in ogni caso una adeguata ed analoga protezione dei dati personali. Al fine di visionare eventuali modifiche, Lei \u00e8 invitato a consultare con regolarit\u00e0 la presente informativa.<\/p>\n\n\n\n<h2 class=\"wp-block-heading\" id=\"art-8-cookies\">Art. 8. Cookies<\/h2>\n\n\n\n<h3 class=\"wp-block-heading\" id=\"che-cosa-sono-i-cookie-e-a-cosa-servono\">Che cosa sono i cookie e a cosa servono<\/h3>\n\n\n\n<p>Un cookie \u00e8 un file di testo che un sito web visitato dall\u2019utente invia al suo terminale (computer, dispositivo mobile quale smartphone o tablet), dove viene memorizzato per essere poi ritrasmesso a tale sito in occasione di una visita successiva al sito medesimo.<\/p>\n\n\n\n<p>I cookie vengono tra loro distinti:<\/p>\n\n\n\n<ul class=\"wp-block-list\">\n<li>in base al soggetto che li installa, a seconda che si tratti dello stesso gestore del sito visitato (c.d. \u201c<strong>cookie di prima parte<\/strong>\u201c) ovvero di un soggetto diverso (c.d. \u201c<strong>cookie di terza parte<\/strong>\u201c);<\/li>\n\n\n\n<li>in base alla finalit\u00e0 di ciascun cookie: alcuni cookie permettono una migliore navigazione, memorizzando alcune scelte dell\u2019utente, ad esempio la lingua (c.d. \u201c<strong>cookie tecnici<\/strong>\u201c), altri cookie consentono di monitorare la navigazione dell\u2019utente anche allo scopo di inviare pubblicit\u00e0 e\/od offrire servizi in linea con sue preferenze (c.d. \u201c<strong>cookie di profilazione<\/strong>\u201c).<\/li>\n<\/ul>\n\n\n\n<p>Solo i cookie di profilazione richiedono il consenso preventivo dell\u2019utente al loro utilizzo.<\/p>\n\n\n\n<p>Il Sito si avvale di cookie tecnici nonch\u00e9 di cookie di profilazione di terza parte.<\/p>\n\n\n\n<p>Il Titolare del Trattamento \u00e8 responsabile esclusivamente dei cookie di prima parte dallo stesso installati sul Sito.<\/p>\n\n\n\n<h3 class=\"wp-block-heading\" id=\"modalita-per-manifestare-il-consenso-ai-cookie-di-profilazione\">Modalit\u00e0 per manifestare il consenso ai cookie di profilazione<\/h3>\n\n\n\n<p><strong>In occasione della prima visita al Sito<\/strong>, Lei pu\u00f2 accettare tutti i cookie tramite il compimento di una delle seguenti azioni:<\/p>\n\n\n\n<ul class=\"wp-block-list\">\n<li>cliccando il pulsante \u201cAccetta\u201d presente nel banner stesso .<\/li>\n<\/ul>\n\n\n\n<p>In occasione della prima visita al Sito, se Lei non compie nessuna delle azioni descritte nel banner ma, dal banner, accede alla presente informativa estesa, Lei pu\u00f2 interagire con i singoli moduli di consenso eventualmente presenti nella informativa estesa dove \u00e8 possibile prestare e\/o negare il consenso, a seconda dei casi, alla installazione dei cookie cliccando sull\u2019apposito link riportato nella colonna \u201cinformativa privacy e modulo di consenso\u201d della tabella sotto riportata. Attenzione: se Lei non interagisce con i moduli del consenso ed esce dall\u2019informativa estesa, chiudendo la pagina nella quale l\u2019informativa \u00e8 contenuta o proseguendo la navigazione nel Sito, presta il consenso solo per i cookies necessari.<\/p>\n\n\n\n<p>In occasione di successive visite al Sito, Lei pu\u00f2 accedere alla informativa estesa attraverso il link \u201cPrivacy Policy\u201d, presente sul Sito e negare o modificare il consenso alla installazione dei cookie di profilazione.<\/p>\n\n\n\n<h3 class=\"wp-block-heading\" id=\"ulteriori-informazioni\">Ulteriori Informazioni<\/h3>\n\n\n\n<p>Con riferimento ai cookie installati dal Sito si informa che:<\/p>\n\n\n\n<ul class=\"wp-block-list\">\n<li>i dati sono raccolti esclusivamente per le finalit\u00e0 indicate nella presente informativa;<\/li>\n\n\n\n<li>i cookie tecnici non richiedono il preventivo consenso dell\u2019utente in quanto sono necessari al funzionamento del Sito. Rimuovere questi cookie tecnici potrebbe incidere negativamente sulla navigazione del Sito;<\/li>\n\n\n\n<li>i dati raccolti da cookie di prima parte potrebbero essere comunicati a soggetti che agiscono per conto del Titolare del Trattamento in qualit\u00e0 di Responsabili del trattamento ai sensi di quanto disciplinato dal Regolamento (UE) 679\/2016 in materia di protezione dei dati personali (GDPR) e come descritto nella informativa privacy che puoi visionare cliccando al seguente link \u201cPrivacy Policy\u201d presente sul Sito.<\/li>\n<\/ul>\n\n\n\n<p>Con riferimento ai cookie di terze parti, le finalit\u00e0 di tali cookie, la logica sottesa al loro trattamento e la gestione delle preferenze dell\u2019utente non sono determinate e\/o verificate dal Titolare del trattamento ma dalla terza parte che li fornisce. Tuttavia, indipendentemente dal fatto che il Titolare del trattamento ritenga che l\u2019utente abbia validamente espresso il proprio consenso all\u2019installazione dei cookie, compresi quelli di terze parti, il Titolare del trattamento fornisce supporto agli utenti che richiedano di sapere come esercitare il proprio consenso\/rifiuto selettivo o di eliminare i cookie dal proprio browser.I dati raccolti dai cookie rilasciati dal sito potranno essere comunicati a soggetti, anche residenti in Paesi esteri, per finalit\u00e0 connesse a quelle sopra descritte. Rispetto a tali dati, si ricorda all\u2019utente che pu\u00f2 esercitare i diritti di cui al GDPR come meglio descritti nella Informativa sul trattamento dei dati personali disponibile nella \u201cPrivacy Policy\u201d presente sul Sito.<\/p>\n","protected":false},"excerpt":{"rendered":"<p>INFORMATIVA SUL TRATTAMENTO DI DATI PERSONALI ai sensi del Regolamento (UE) 2016\/679 del Parlamento europeo e del Consiglio del 27 aprile 2016 (GDPR) Premessa La presente informativa \u00e8 resa per il sito https:\/\/supporthost.com\/it\/ (Sito) di propriet\u00e0 di SupportHost O\u00dc, con sede legale in Ahtri tn 12, Tallinn, 10151, Estonia (Titolare del Trattamento), in persona del [&hellip;]<\/p>\n","protected":false},"author":1,"featured_media":63428,"parent":0,"menu_order":0,"comment_status":"closed","ping_status":"closed","template":"page-legal","meta":{"_acf_changed":false,"inline_featured_image":false,"footnotes":""},"class_list":["post-143","page","type-page","status-publish","has-post-thumbnail","hentry"],"acf":[],"_links":{"self":[{"href":"https:\/\/supporthost.com\/it\/wp-json\/wp\/v2\/pages\/143","targetHints":{"allow":["GET"]}}],"collection":[{"href":"https:\/\/supporthost.com\/it\/wp-json\/wp\/v2\/pages"}],"about":[{"href":"https:\/\/supporthost.com\/it\/wp-json\/wp\/v2\/types\/page"}],"author":[{"embeddable":true,"href":"https:\/\/supporthost.com\/it\/wp-json\/wp\/v2\/users\/1"}],"replies":[{"embeddable":true,"href":"https:\/\/supporthost.com\/it\/wp-json\/wp\/v2\/comments?post=143"}],"version-history":[{"count":7,"href":"https:\/\/supporthost.com\/it\/wp-json\/wp\/v2\/pages\/143\/revisions"}],"predecessor-version":[{"id":137477,"href":"https:\/\/supporthost.com\/it\/wp-json\/wp\/v2\/pages\/143\/revisions\/137477"}],"wp:featuredmedia":[{"embeddable":true,"href":"https:\/\/supporthost.com\/it\/wp-json\/wp\/v2\/media\/63428"}],"wp:attachment":[{"href":"https:\/\/supporthost.com\/it\/wp-json\/wp\/v2\/media?parent=143"}],"curies":[{"name":"wp","href":"https:\/\/api.w.org\/{rel}","templated":true}]}}